{"id":4160,"date":"2023-03-11T19:59:49","date_gmt":"2023-03-11T19:59:49","guid":{"rendered":"https:\/\/family-advisor.com\/?page_id=4160"},"modified":"2023-03-11T20:01:36","modified_gmt":"2023-03-11T20:01:36","slug":"seminerler-konusmacilik","status":"publish","type":"page","link":"https:\/\/family-advisor.com\/tr\/seminerler-konusmacilik\/","title":{"rendered":"Seminerler ve Konu\u015fmac\u0131l\u0131k"},"content":{"rendered":"<p>[vc_row content_placement=&#8221;middle&#8221; css=&#8221;.vc_custom_1649513182591{margin-bottom: 80px !important;}&#8221;][vc_column][vc_btn title=&#8221;Hizmetlere geri d\u00f6n&#8221; align=&#8221;left&#8221; link=&#8221;url:https%3A%2F%2Ffamily-advisor.com%2Ftr%2Faile-sirketi-danismani%2F|title:Aile%20%C5%9Eirketi%20Dan%C4%B1%C5%9Fman%C4%B1&#8243;][vc_empty_space][tt_vc_title_shortcode up_title=&#8221;Seminerler ve Konu\u015fmac\u0131l\u0131k&#8221;][\/tt_vc_title_shortcode][vc_single_image image=&#8221;4161&#8243; img_size=&#8221;full&#8221;][vc_column_text]T\u00fcm d\u00fcnyada Aile \u015firketleri ve kurumsalla\u015fma seminerlerinde ana konu\u015fmac\u0131 ve seminerler vermekte.<\/p>\n<p>Daha fazla bilgi i\u00e7in l\u00fctfen<a href=\"https:\/\/family-advisor.com\/tr\/iletisim\/\"><strong> do\u011frudan temasa ge\u00e7iniz.<\/strong><\/a>[\/vc_column_text][\/vc_column][\/vc_row]<\/p>\n","protected":false},"excerpt":{"rendered":"<p>[vc_row content_placement=&#8221;middle&#8221; css=&#8221;.vc_custom_1649513182591{margin-bottom: 80px !important;}&#8221;][vc_column][vc_btn title=&#8221;Hizmetlere geri d\u00f6n&#8221; align=&#8221;left&#8221; link=&#8221;url:https%3A%2F%2Ffamily-advisor.com%2Ftr%2Faile-sirketi-danismani%2F|title:Aile%20%C5%9Eirketi%20Dan%C4%B1%C5%9Fman%C4%B1&#8243;][vc_empty_space][tt_vc_title_shortcode up_title=&#8221;Seminerler ve Konu\u015fmac\u0131l\u0131k&#8221;][\/tt_vc_title_shortcode][vc_single_image image=&#8221;4161&#8243; img_size=&#8221;full&#8221;][vc_column_text]T\u00fcm d\u00fcnyada Aile \u015firketleri ve kurumsalla\u015fma seminerlerinde ana konu\u015fmac\u0131 ve seminerler vermekte. Daha fazla bilgi i\u00e7in l\u00fctfen do\u011frudan temasa ge\u00e7iniz.[\/vc_column_text][\/vc_column][\/vc_row]<\/p>\n","protected":false},"author":1,"featured_media":0,"parent":0,"menu_order":0,"comment_status":"closed","ping_status":"closed","template":"","meta":{"_seopress_robots_primary_cat":"","_seopress_titles_title":"","_seopress_titles_desc":"","_seopress_robots_index":"","footnotes":""},"class_list":["post-4160","page","type-page","status-publish","hentry"],"_links":{"self":[{"href":"https:\/\/family-advisor.com\/tr\/wp-json\/wp\/v2\/pages\/4160","targetHints":{"allow":["GET"]}}],"collection":[{"href":"https:\/\/family-advisor.com\/tr\/wp-json\/wp\/v2\/pages"}],"about":[{"href":"https:\/\/family-advisor.com\/tr\/wp-json\/wp\/v2\/types\/page"}],"author":[{"embeddable":true,"href":"https:\/\/family-advisor.com\/tr\/wp-json\/wp\/v2\/users\/1"}],"replies":[{"embeddable":true,"href":"https:\/\/family-advisor.com\/tr\/wp-json\/wp\/v2\/comments?post=4160"}],"version-history":[{"count":3,"href":"https:\/\/family-advisor.com\/tr\/wp-json\/wp\/v2\/pages\/4160\/revisions"}],"predecessor-version":[{"id":4165,"href":"https:\/\/family-advisor.com\/tr\/wp-json\/wp\/v2\/pages\/4160\/revisions\/4165"}],"wp:attachment":[{"href":"https:\/\/family-advisor.com\/tr\/wp-json\/wp\/v2\/media?parent=4160"}],"curies":[{"name":"wp","href":"https:\/\/api.w.org\/{rel}","templated":true}]}}