{"id":3915,"date":"2022-04-26T20:57:01","date_gmt":"2022-04-26T20:57:01","guid":{"rendered":"https:\/\/family-advisor.com\/resources\/"},"modified":"2022-12-18T10:25:57","modified_gmt":"2022-12-18T10:25:57","slug":"kaynaklar","status":"publish","type":"page","link":"https:\/\/family-advisor.com\/tr\/kaynaklar\/","title":{"rendered":"Kaynaklar"},"content":{"rendered":"<p>[vc_row full_width=&#8221;stretch_row&#8221; el_class=&#8221;about-section about-page&#8221; css=&#8221;.vc_custom_1651004704682{margin-bottom: 80px !important;padding-bottom: 40px !important;}&#8221;][vc_column][tt_vc_title_shortcode up_title=&#8221;family-advisor.com&#8221;]Kaynaklar &amp; Makaleler[\/tt_vc_title_shortcode][vc_empty_space height=&#8221;30px&#8221;][vc_row_inner][vc_column_inner][vc_column_text]<\/p>\n<p style=\"text-align: left;\">Kurumsalla\u015fma ve aile \u015firketleri y\u00f6netimi gibi konularla ilgili payla\u015f\u0131mlar\u0131 g\u00f6rmek ve<strong> FBA&#8217;n\u0131n \u00fcyelere \u00f6zel<\/strong> kaynaklar\u0131na eri\u015fmek istiyorsan\u0131z l\u00fctfen a\u015fa\u011f\u0131daki abonelik formunu doldurun. <span style=\"text-decoration: underline;\"><em>Bu bilgiler tamamen gizli tutulacak olup, abonelik i\u015flemleri ve sizinle ileti\u015fim d\u0131\u015f\u0131nda herhangi bir ama\u00e7la kullan\u0131lmayacakt\u0131r.<\/em><\/span><\/p>\n<p>[\/vc_column_text][\/vc_column_inner][\/vc_row_inner][vc_row_inner css=&#8221;.vc_custom_1651007181538{margin-top: 40px !important;}&#8221;][vc_column_inner width=&#8221;1\/6&#8243;][\/vc_column_inner][vc_column_inner width=&#8221;2\/3&#8243;][vc_column_text]<\/p>\n<h2 style=\"text-align: center;\">\u0130leti\u015fim Formu<\/h2>\n<p>[\/vc_column_text]\n<div class=\"wpcf7 no-js\" id=\"wpcf7-f3468-o1\" lang=\"en-US\" dir=\"ltr\" data-wpcf7-id=\"3468\">\n<div class=\"screen-reader-response\"><p role=\"status\" aria-live=\"polite\" aria-atomic=\"true\"><\/p> <ul><\/ul><\/div>\n<form action=\"\/tr\/wp-json\/wp\/v2\/pages\/3915#wpcf7-f3468-o1\" method=\"post\" class=\"wpcf7-form init\" aria-label=\"Contact form\" novalidate=\"novalidate\" data-status=\"init\">\n<fieldset class=\"hidden-fields-container\"><input type=\"hidden\" name=\"_wpcf7\" value=\"3468\" \/><input type=\"hidden\" name=\"_wpcf7_version\" value=\"6.1.5\" \/><input type=\"hidden\" name=\"_wpcf7_locale\" value=\"en_US\" \/><input type=\"hidden\" name=\"_wpcf7_unit_tag\" value=\"wpcf7-f3468-o1\" \/><input type=\"hidden\" name=\"_wpcf7_container_post\" value=\"0\" \/><input type=\"hidden\" name=\"_wpcf7_posted_data_hash\" value=\"\" \/>\n<\/fieldset>\n<div class=\"contactpage contact-form\">\n\t<p><span class=\"wpcf7-form-control-wrap\" data-name=\"your-name\"><input size=\"40\" maxlength=\"400\" class=\"wpcf7-form-control wpcf7-text wpcf7-validates-as-required tt_input\" aria-required=\"true\" aria-invalid=\"false\" placeholder=\"Ad\u0131n\u0131z-Soyad\u0131n\u0131z*\" value=\"\" type=\"text\" name=\"your-name\" \/><\/span><br \/>\n<span class=\"wpcf7-form-control-wrap\" data-name=\"your-title\"><input size=\"40\" maxlength=\"400\" class=\"wpcf7-form-control wpcf7-text wpcf7-validates-as-required tt_input\" aria-required=\"true\" aria-invalid=\"false\" placeholder=\"\u00dcnvan*\" value=\"\" type=\"text\" name=\"your-title\" \/><\/span><br \/>\n<span class=\"wpcf7-form-control-wrap\" data-name=\"your-phone\"><input size=\"40\" maxlength=\"400\" class=\"wpcf7-form-control wpcf7-text tt_input\" aria-invalid=\"false\" placeholder=\"GSM No\" value=\"\" type=\"text\" name=\"your-phone\" \/><\/span><br \/>\n<span class=\"wpcf7-form-control-wrap\" data-name=\"your-email\"><input size=\"40\" maxlength=\"400\" class=\"wpcf7-form-control wpcf7-email wpcf7-validates-as-required wpcf7-text wpcf7-validates-as-email tt_input\" aria-required=\"true\" aria-invalid=\"false\" placeholder=\"E-Posta*\" value=\"\" type=\"email\" name=\"your-email\" \/><\/span><br \/>\n<label>Aile \u015firketinde \u00e7al\u0131\u015f\u0131yorum<\/label><span class=\"wpcf7-form-control-wrap\" data-name=\"work-in-family-business\"><span class=\"wpcf7-form-control wpcf7-radio\"><span class=\"wpcf7-list-item first\"><label><input type=\"radio\" name=\"work-in-family-business\" value=\"Evet\" \/><span class=\"wpcf7-list-item-label\">Evet<\/span><\/label><\/span><span class=\"wpcf7-list-item last\"><label><input type=\"radio\" name=\"work-in-family-business\" value=\"Hay\u0131r\" \/><span class=\"wpcf7-list-item-label\">Hay\u0131r<\/span><\/label><\/span><\/span><\/span><br \/>\n<label>Hangi jenerasyonsunuz?<\/label><span class=\"wpcf7-form-control-wrap\" data-name=\"which-generation\"><span class=\"wpcf7-form-control wpcf7-radio\"><span class=\"wpcf7-list-item first\"><label><input type=\"radio\" name=\"which-generation\" value=\"Kurucu\" \/><span class=\"wpcf7-list-item-label\">Kurucu<\/span><\/label><\/span><span class=\"wpcf7-list-item\"><label><input type=\"radio\" name=\"which-generation\" value=\"\u0130kinci\" \/><span class=\"wpcf7-list-item-label\">\u0130kinci<\/span><\/label><\/span><span class=\"wpcf7-list-item\"><label><input type=\"radio\" name=\"which-generation\" value=\"\u00dc\u00e7\u00fcnc\u00fc\" \/><span class=\"wpcf7-list-item-label\">\u00dc\u00e7\u00fcnc\u00fc<\/span><\/label><\/span><span class=\"wpcf7-list-item\"><label><input type=\"radio\" name=\"which-generation\" value=\"D\u00f6rd\u00fcnc\u00fc\" \/><span class=\"wpcf7-list-item-label\">D\u00f6rd\u00fcnc\u00fc<\/span><\/label><\/span><span class=\"wpcf7-list-item last\"><label><input type=\"radio\" name=\"which-generation\" value=\"Di\u011fer\" \/><span class=\"wpcf7-list-item-label\">Di\u011fer<\/span><\/label><\/span><\/span><\/span><br \/>\n<span class=\"wpcf7-form-control-wrap\" data-name=\"your-message\"><textarea cols=\"40\" rows=\"7\" maxlength=\"2000\" class=\"wpcf7-form-control wpcf7-textarea tt_textarea\" aria-invalid=\"false\" placeholder=\"Mesaj\u0131n\u0131z\" name=\"your-message\"><\/textarea><\/span><br \/>\n<label>Dr. Haluk Alacakl\u0131o\u011flu'nun aile \u015firketi ve kurumsalla\u015fma ile ilgili haber, makale ve seminerlerinden haberdar olmak ister misiniz?<\/label><span class=\"wpcf7-form-control-wrap\" data-name=\"radio-620\"><span class=\"wpcf7-form-control wpcf7-radio\"><span class=\"wpcf7-list-item first\"><label><input type=\"radio\" name=\"radio-620\" value=\"Evet\" checked=\"checked\" \/><span class=\"wpcf7-list-item-label\">Evet<\/span><\/label><\/span><span class=\"wpcf7-list-item last\"><label><input type=\"radio\" name=\"radio-620\" value=\"Hay\u0131r\" \/><span class=\"wpcf7-list-item-label\">Hay\u0131r<\/span><\/label><\/span><\/span><\/span><br \/>\n<input class=\"wpcf7-form-control wpcf7-submit has-spinner tt_submit\" type=\"submit\" value=\"\u015eimdi G\u00f6nder\" \/>\n\t<\/p>\n<\/div><div class=\"wpcf7-response-output\" aria-hidden=\"true\"><\/div>\n<\/form>\n<\/div>\n[\/vc_column_inner][vc_column_inner width=&#8221;1\/6&#8243;][\/vc_column_inner][\/vc_row_inner][\/vc_column][\/vc_row]<\/p>\n","protected":false},"excerpt":{"rendered":"<p>[vc_row full_width=&#8221;stretch_row&#8221; el_class=&#8221;about-section about-page&#8221; css=&#8221;.vc_custom_1651004704682{margin-bottom: 80px !important;padding-bottom: 40px !important;}&#8221;][vc_column][tt_vc_title_shortcode up_title=&#8221;family-advisor.com&#8221;]Kaynaklar &amp; Makaleler[\/tt_vc_title_shortcode][vc_empty_space height=&#8221;30px&#8221;][vc_row_inner][vc_column_inner][vc_column_text] Kurumsalla\u015fma ve aile \u015firketleri y\u00f6netimi gibi konularla ilgili payla\u015f\u0131mlar\u0131 g\u00f6rmek ve FBA&#8217;n\u0131n \u00fcyelere \u00f6zel kaynaklar\u0131na eri\u015fmek istiyorsan\u0131z l\u00fctfen a\u015fa\u011f\u0131daki abonelik formunu doldurun. Bu bilgiler tamamen gizli tutulacak olup, abonelik i\u015flemleri ve sizinle ileti\u015fim d\u0131\u015f\u0131nda herhangi bir ama\u00e7la kullan\u0131lmayacakt\u0131r. [\/vc_column_text][\/vc_column_inner][\/vc_row_inner][vc_row_inner css=&#8221;.vc_custom_1651007181538{margin-top: 40px !important;}&#8221;][vc_column_inner [&hellip;]<\/p>\n","protected":false},"author":1,"featured_media":0,"parent":0,"menu_order":0,"comment_status":"closed","ping_status":"closed","template":"","meta":{"_seopress_robots_primary_cat":"","_seopress_titles_title":"","_seopress_titles_desc":"","_seopress_robots_index":"","footnotes":""},"class_list":["post-3915","page","type-page","status-publish","hentry"],"_links":{"self":[{"href":"https:\/\/family-advisor.com\/tr\/wp-json\/wp\/v2\/pages\/3915","targetHints":{"allow":["GET"]}}],"collection":[{"href":"https:\/\/family-advisor.com\/tr\/wp-json\/wp\/v2\/pages"}],"about":[{"href":"https:\/\/family-advisor.com\/tr\/wp-json\/wp\/v2\/types\/page"}],"author":[{"embeddable":true,"href":"https:\/\/family-advisor.com\/tr\/wp-json\/wp\/v2\/users\/1"}],"replies":[{"embeddable":true,"href":"https:\/\/family-advisor.com\/tr\/wp-json\/wp\/v2\/comments?post=3915"}],"version-history":[{"count":4,"href":"https:\/\/family-advisor.com\/tr\/wp-json\/wp\/v2\/pages\/3915\/revisions"}],"predecessor-version":[{"id":4036,"href":"https:\/\/family-advisor.com\/tr\/wp-json\/wp\/v2\/pages\/3915\/revisions\/4036"}],"wp:attachment":[{"href":"https:\/\/family-advisor.com\/tr\/wp-json\/wp\/v2\/media?parent=3915"}],"curies":[{"name":"wp","href":"https:\/\/api.w.org\/{rel}","templated":true}]}}