{"id":3907,"date":"2018-01-16T15:38:23","date_gmt":"2018-01-16T15:38:23","guid":{"rendered":"https:\/\/family-advisor.com\/contact\/"},"modified":"2022-12-12T18:14:47","modified_gmt":"2022-12-12T18:14:47","slug":"iletisim","status":"publish","type":"page","link":"https:\/\/family-advisor.com\/tr\/iletisim\/","title":{"rendered":"\u0130leti\u015fim"},"content":{"rendered":"<p>[vc_row el_class=&#8221;contact-page&#8221;][vc_column][tt_vc_title_shortcode up_title=&#8221;\u0130leti\u015fimde kal\u0131n&#8221;]A\u0130LE \u015e\u0130RKET\u0130 Y\u00d6NET\u0130M\u0130 LLP[\/tt_vc_title_shortcode][vc_empty_space height=&#8221;50px&#8221;][vc_row_inner css=&#8221;.vc_custom_1666691879632{margin-bottom: 80px !important;}&#8221;][vc_column_inner][vc_column_text el_class=&#8221;single-contact-info&#8221;]<\/p>\n<h4>Telefon &amp; WhatsApp &amp; Skype:<\/h4>\n<p>+90-532-2316609[\/vc_column_text][vc_column_text el_class=&#8221;single-contact-info&#8221;]<\/p>\n<h4>email :<\/h4>\n<p>haluk@family-advisor.com<br \/>\nhaluk@board-advisor.com[\/vc_column_text][\/vc_column_inner][\/vc_row_inner][\/vc_column][\/vc_row]<\/p>\n","protected":false},"excerpt":{"rendered":"<p>[vc_row el_class=&#8221;contact-page&#8221;][vc_column][tt_vc_title_shortcode up_title=&#8221;\u0130leti\u015fimde kal\u0131n&#8221;]A\u0130LE \u015e\u0130RKET\u0130 Y\u00d6NET\u0130M\u0130 LLP[\/tt_vc_title_shortcode][vc_empty_space height=&#8221;50px&#8221;][vc_row_inner css=&#8221;.vc_custom_1666691879632{margin-bottom: 80px !important;}&#8221;][vc_column_inner][vc_column_text el_class=&#8221;single-contact-info&#8221;] Telefon &amp; WhatsApp &amp; Skype: +90-532-2316609[\/vc_column_text][vc_column_text el_class=&#8221;single-contact-info&#8221;] email : haluk@family-advisor.com haluk@board-advisor.com[\/vc_column_text][\/vc_column_inner][\/vc_row_inner][\/vc_column][\/vc_row]<\/p>\n","protected":false},"author":1,"featured_media":0,"parent":0,"menu_order":0,"comment_status":"closed","ping_status":"closed","template":"","meta":{"_seopress_robots_primary_cat":"","_seopress_titles_title":"","_seopress_titles_desc":"","_seopress_robots_index":"","footnotes":""},"class_list":["post-3907","page","type-page","status-publish","hentry"],"_links":{"self":[{"href":"https:\/\/family-advisor.com\/tr\/wp-json\/wp\/v2\/pages\/3907","targetHints":{"allow":["GET"]}}],"collection":[{"href":"https:\/\/family-advisor.com\/tr\/wp-json\/wp\/v2\/pages"}],"about":[{"href":"https:\/\/family-advisor.com\/tr\/wp-json\/wp\/v2\/types\/page"}],"author":[{"embeddable":true,"href":"https:\/\/family-advisor.com\/tr\/wp-json\/wp\/v2\/users\/1"}],"replies":[{"embeddable":true,"href":"https:\/\/family-advisor.com\/tr\/wp-json\/wp\/v2\/comments?post=3907"}],"version-history":[{"count":3,"href":"https:\/\/family-advisor.com\/tr\/wp-json\/wp\/v2\/pages\/3907\/revisions"}],"predecessor-version":[{"id":4031,"href":"https:\/\/family-advisor.com\/tr\/wp-json\/wp\/v2\/pages\/3907\/revisions\/4031"}],"wp:attachment":[{"href":"https:\/\/family-advisor.com\/tr\/wp-json\/wp\/v2\/media?parent=3907"}],"curies":[{"name":"wp","href":"https:\/\/api.w.org\/{rel}","templated":true}]}}