{"id":3906,"date":"2022-08-20T18:40:55","date_gmt":"2022-08-20T18:40:55","guid":{"rendered":"https:\/\/family-advisor.com\/boston-family-business-academy\/program-3-best-business-board-bbb-for-your-family-business-certificate-program\/"},"modified":"2022-12-18T10:39:01","modified_gmt":"2022-12-18T10:39:01","slug":"program-3-aile-sirketiniz-icin-en-iyi-yonetim-kurulu-sertifika-programi","status":"publish","type":"page","link":"https:\/\/family-advisor.com\/tr\/boston-aile-isletmeleri-akademisi\/program-3-aile-sirketiniz-icin-en-iyi-yonetim-kurulu-sertifika-programi\/","title":{"rendered":"PROGRAM 3: A\u0130LE \u015e\u0130RKET\u0130N\u0130Z \u0130\u00c7\u0130N EN \u0130Y\u0130 Y\u00d6NETIM KURULU SERT\u0130F\u0130KA PROGRAMI"},"content":{"rendered":"<p>[vc_row content_placement=&#8221;middle&#8221; css=&#8221;.vc_custom_1649513182591{margin-bottom: 80px !important;}&#8221;][vc_column][vc_btn title=&#8221;Hizmetlere geri d\u00f6n&#8221; align=&#8221;left&#8221; link=&#8221;url:https%3A%2F%2Ffamily-advisor.com%2Ftr%2Fboston-aile-isletmeleri-akademisi%2F|title:Boston%20Aile%20%C4%B0%C5%9Fletmeleri%20Akademisi&#8221;][vc_empty_space][tt_vc_title_shortcode up_title=&#8221;Boston Aile \u0130\u015fletmeleri Akademisi&#8221;]PROGRAM 3: A\u0130LE \u015e\u0130RKET\u0130N\u0130Z \u0130\u00c7\u0130N EN \u0130Y\u0130 Y\u00d6NETIM KURULU SERT\u0130F\u0130KA PROGRAMI[\/tt_vc_title_shortcode][vc_single_image image=&#8221;3350&#8243; img_size=&#8221;full&#8221;][vc_column_text]Bu y\u00fcksek derece etkile\u015fimli program, kat\u0131l\u0131mc\u0131lar\u0131 ilgi \u00e7ekici i\u00e7erik, akran tart\u0131\u015fmalar\u0131 ve ger\u00e7ek d\u00fcnya vaka incelemeleri yoluyla geli\u015ftirmeye yard\u0131mc\u0131 olmak i\u00e7in tasarlanm\u0131\u015ft\u0131r. Amac\u0131, y\u00f6neticilerin performans\u0131n\u0131 g\u00fc\u00e7lendirmek ve hem \u015fimdiki hem de gelecekteki y\u00f6netim kurulu \u00fcyeleri ve ba\u015fkanlar\u0131n\u0131n geli\u015fmesine yard\u0131mc\u0131 olmakt\u0131r. Kat\u0131l\u0131mc\u0131lar ayr\u0131ca, y\u00f6netim kurullar\u0131nda deneyimli uzman e\u011fitimciler taraf\u0131ndan desteklenen bir ortamda di\u011fer \u015firketlerin deneyimlerinden de \u00f6\u011freneceklerdir.<\/p>\n<p>KATILIMCILAR \u015eUNLARA ODAKLANACAK:<\/p>\n<ul>\n<li>Bir aile \u015firketinde y\u00f6netim kurulunun rol\u00fc (dan\u0131\u015fman veya m\u00fctevelli)<\/li>\n<li>Y\u00f6netim kurulunun aile ve y\u00f6netimle ili\u015fkisi de dahil olmak \u00fczere etkili y\u00f6netim kurulu i\u015flevi<\/li>\n<li>Aile y\u00f6neticilerinin, ba\u011f\u0131ms\u0131zlar\u0131n, ba\u015fkan\u0131n ve komitelerin i\u015flev ve de\u011feri ve onlardan kurumsal s\u00fcre\u00e7te nas\u0131l yararlan\u0131laca\u011f\u0131<\/li>\n<li>Bir aile kurul \u00fcyesini y\u00f6netim kurulunda etkili k\u0131lan (ya da engelleyen) davran\u0131\u015flar<\/li>\n<li>Aile kurul \u00fcyelerinin sahip olmas\u0131 ve\/veya geli\u015ftirmesi gereken temel beceri ve bilgiler<\/li>\n<li>Aile y\u00f6neticilerinin ya\u015fad\u0131\u011f\u0131 bu g\u00f6reve \u00f6zg\u00fcn stres noktalar\u0131 ve sorunlar\u0131 anlamak<\/li>\n<\/ul>\n<p><img fetchpriority=\"high\" decoding=\"async\" class=\"aligncenter wp-image-3324\" src=\"https:\/\/family-advisor.com\/wp-content\/uploads\/2022\/08\/boston-fba-2-300x84.png\" alt=\"\" width=\"1000\" height=\"281\" srcset=\"https:\/\/family-advisor.com\/wp-content\/uploads\/2022\/08\/boston-fba-2-300x84.png 300w, https:\/\/family-advisor.com\/wp-content\/uploads\/2022\/08\/boston-fba-2-1024x287.png 1024w, https:\/\/family-advisor.com\/wp-content\/uploads\/2022\/08\/boston-fba-2-768x216.png 768w, https:\/\/family-advisor.com\/wp-content\/uploads\/2022\/08\/boston-fba-2-1536x431.png 1536w, https:\/\/family-advisor.com\/wp-content\/uploads\/2022\/08\/boston-fba-2-2048x575.png 2048w\" sizes=\"(max-width: 1000px) 100vw, 1000px\" \/><\/p>\n<p>\u0130ster bir \u015firket ister \u015firketler portf\u00f6y\u00fc ister holding \u015firketi veya aile ofisi olsun, aile \u015firketinizin kurumsal y\u00f6netim sistemi bu program\u0131n ana konusunu olu\u015fturur.<\/p>\n<p>H\u0130SSEDARLARIN Y\u00d6NET\u0130M KURULLARININ GET\u0130REB\u0130LECE\u011e\u0130 ARTI DE\u011eER\u0130 NASIL EN \u00dcST D\u00dcZEYE \u00c7IKARAB\u0130LECEKLER\u0130 \u0130LE \u0130LG\u0130L\u0130 TEMEL KONULARI ELE ALIYORUZ:<\/p>\n<ul>\n<li>\u015eirketinize en uygun kurumsal y\u00f6netim tasar\u0131m\u0131: Farkl\u0131 kurul t\u00fcrleri nelerdir ve sizin aile \u015firketiniz i\u00e7in en uygunu hangisidir? Operasyonel \u015firketler, yat\u0131r\u0131m \u015firketleri, aile ofisi ve holding \u015firketi i\u00e7in uygun modeller<\/li>\n<li>Y\u00f6netim kurulunuzun somut misyonu ve rol\u00fc: Bir aile \u015firketinin geli\u015fiminin farkl\u0131 a\u015famalar\u0131nda kurulun de\u011fi\u015fen g\u00f6revleri nelerdir?<\/li>\n<li>Etkin bir y\u00f6netim kurulu nas\u0131l yap\u0131land\u0131r\u0131l\u0131r, olu\u015fturulur, y\u00f6netilir?<\/li>\n<li>Kurul performans\u0131: Bir kurulun etkinli\u011fi nas\u0131l de\u011ferlendirilir ve g\u00fc\u00e7lendirilir?<\/li>\n<li>Bireysel Etki: Bireyler y\u00f6netim kuruluna nas\u0131l daha etkin bir \u015fekilde katk\u0131da bulunabilir? Y\u00f6netim kurulunda hizmet vermeye veya liderlik etmeye nas\u0131l haz\u0131rlan\u0131r?<\/li>\n<\/ul>\n<p><strong>AYRINTILI OLARAK, BU PROGRAM,<\/strong> SAH\u0130PLER\u0130N\u0130N KURULLARININ ARTI DE\u011eER\u0130N\u0130 NASIL ARTTIRAB\u0130LECEKLER\u0130YLE \u0130LG\u0130L\u0130 A\u015eA\u011eIDAK\u0130 KONULARI ARA\u015eTIRIR:<\/p>\n<ul>\n<li>Bir kurul sahiplerine neler sa\u011flar ve yeni sars\u0131c\u0131 \/ zorlay\u0131c\u0131 ekonominin g\u00fc\u00e7l\u00fcklerini a\u015fmak i\u00e7in y\u00f6netim kurulunun ihtiya\u00e7 duydu\u011fu \u015feyler<\/li>\n<li>Y\u00f6netim kurulu, aile \u015firketinin gelecek vizyonuyla nas\u0131l yeniden ba\u011flant\u0131 kurar ve onu destekler?<\/li>\n<li>Gelecek neslin ba\u015far\u0131l\u0131 y\u00f6netim kurulu \u00fcyeleri olabilmesi i\u00e7in yeti\u015ftirilmesi<\/li>\n<li>Kurul ile aile y\u00f6neti\u015fimi aras\u0131ndaki kritik ili\u015fki ve koordinasyon<\/li>\n<li>\u0130yi bir kurulun temel g\u00f6revleri<\/li>\n<li>Kurulun rekabet avantaj\u0131 elde etme ve inovasyon g\u00fcndemini etkinle\u015ftirme sorumluluklar\u0131<\/li>\n<li>Y\u00f6netim kurulunun kurumsal strateji ve yetenek geli\u015fimini entegre etmedeki rol\u00fc<\/li>\n<li>Do\u011fru ba\u011f\u0131ms\u0131z y\u00f6netim kurulu \u00fcyelerini se\u00e7me, \u00fccretlendirme ve onlardan en y\u00fcksek katk\u0131y\u0131 alma<\/li>\n<li>Ezber bozucu bir ortamda Y\u00f6netim Kurulu Ba\u015fkan\u0131 veya \u0130cra Ba\u015fkan\u0131n\u0131n de\u011fi\u015fen rolleri<\/li>\n<li>Etkili y\u00f6netim kurulu g\u00fcndemleri, iyi bir y\u00f6netim kurulu toplant\u0131lar\u0131n\u0131n neler ba\u015fard\u0131\u011f\u0131 ve y\u00f6netim kurulunun toplant\u0131lar aras\u0131ndaki rol\u00fc<\/li>\n<li>Y\u00f6netim kurulunun performans\u0131n\u0131n de\u011ferlendirilmesi<\/li>\n<\/ul>\n<h3>B\u0130REYSEL EYLEM PLANLARI<\/h3>\n<p>Program boyunca, her ekip kendi aile \u015firketinin y\u00f6netim kurulu i\u00e7in bir eylem plan\u0131 geli\u015ftirir. Y\u00f6netim kurulu \u00fcyesi olarak herkes kendi mesleki geli\u015fimi i\u00e7in e\u011fitimcilerin rehberli\u011finde bir eylem plan\u0131 geli\u015ftirir.<\/p>\n<h3>K\u0130M KATILMALI:<\/h3>\n<p>Hissedarlar, Y\u00f6netim Kurulu \u00dcyeleri,<\/p>\n<p>Bir Aile Kurulunun ilkelerini \u00f6\u011frenmek ve kendilerini gelecekteki kurul atamalar\u0131na haz\u0131rlamak isteyen aile \u00fcyeleri<br \/>\nKilit \u00fcst d\u00fczey y\u00f6neticiler (kat\u0131lan aile \u00fcyeleriyle birlikte)[\/vc_column_text][\/vc_column][\/vc_row]<\/p>\n","protected":false},"excerpt":{"rendered":"<p>[vc_row content_placement=&#8221;middle&#8221; css=&#8221;.vc_custom_1649513182591{margin-bottom: 80px !important;}&#8221;][vc_column][vc_btn title=&#8221;Hizmetlere geri d\u00f6n&#8221; align=&#8221;left&#8221; link=&#8221;url:https%3A%2F%2Ffamily-advisor.com%2Ftr%2Fboston-aile-isletmeleri-akademisi%2F|title:Boston%20Aile%20%C4%B0%C5%9Fletmeleri%20Akademisi&#8221;][vc_empty_space][tt_vc_title_shortcode up_title=&#8221;Boston Aile \u0130\u015fletmeleri Akademisi&#8221;]PROGRAM 3: A\u0130LE \u015e\u0130RKET\u0130N\u0130Z \u0130\u00c7\u0130N EN \u0130Y\u0130 Y\u00d6NETIM KURULU SERT\u0130F\u0130KA PROGRAMI[\/tt_vc_title_shortcode][vc_single_image image=&#8221;3350&#8243; img_size=&#8221;full&#8221;][vc_column_text]Bu y\u00fcksek derece etkile\u015fimli program, kat\u0131l\u0131mc\u0131lar\u0131 ilgi \u00e7ekici i\u00e7erik, akran tart\u0131\u015fmalar\u0131 ve ger\u00e7ek d\u00fcnya vaka incelemeleri yoluyla geli\u015ftirmeye yard\u0131mc\u0131 olmak i\u00e7in tasarlanm\u0131\u015ft\u0131r. Amac\u0131, y\u00f6neticilerin performans\u0131n\u0131 g\u00fc\u00e7lendirmek ve hem \u015fimdiki hem [&hellip;]<\/p>\n","protected":false},"author":1,"featured_media":0,"parent":3903,"menu_order":0,"comment_status":"closed","ping_status":"closed","template":"","meta":{"_seopress_robots_primary_cat":"","_seopress_titles_title":"","_seopress_titles_desc":"","_seopress_robots_index":"","footnotes":""},"class_list":["post-3906","page","type-page","status-publish","hentry"],"_links":{"self":[{"href":"https:\/\/family-advisor.com\/tr\/wp-json\/wp\/v2\/pages\/3906","targetHints":{"allow":["GET"]}}],"collection":[{"href":"https:\/\/family-advisor.com\/tr\/wp-json\/wp\/v2\/pages"}],"about":[{"href":"https:\/\/family-advisor.com\/tr\/wp-json\/wp\/v2\/types\/page"}],"author":[{"embeddable":true,"href":"https:\/\/family-advisor.com\/tr\/wp-json\/wp\/v2\/users\/1"}],"replies":[{"embeddable":true,"href":"https:\/\/family-advisor.com\/tr\/wp-json\/wp\/v2\/comments?post=3906"}],"version-history":[{"count":5,"href":"https:\/\/family-advisor.com\/tr\/wp-json\/wp\/v2\/pages\/3906\/revisions"}],"predecessor-version":[{"id":4046,"href":"https:\/\/family-advisor.com\/tr\/wp-json\/wp\/v2\/pages\/3906\/revisions\/4046"}],"up":[{"embeddable":true,"href":"https:\/\/family-advisor.com\/tr\/wp-json\/wp\/v2\/pages\/3903"}],"wp:attachment":[{"href":"https:\/\/family-advisor.com\/tr\/wp-json\/wp\/v2\/media?parent=3906"}],"curies":[{"name":"wp","href":"https:\/\/api.w.org\/{rel}","templated":true}]}}