{"id":3905,"date":"2022-08-20T18:39:58","date_gmt":"2022-08-20T18:39:58","guid":{"rendered":"https:\/\/family-advisor.com\/boston-family-business-academy\/program-2-generation-next-siblings-cousins-certificate-program\/"},"modified":"2023-03-19T09:57:09","modified_gmt":"2023-03-19T09:57:09","slug":"program-2-gelecek-kusak-kardesler-ve-kuzenler-sertifika-programi","status":"publish","type":"page","link":"https:\/\/family-advisor.com\/tr\/boston-aile-isletmeleri-akademisi\/program-2-gelecek-kusak-kardesler-ve-kuzenler-sertifika-programi\/","title":{"rendered":"PROGRAM 2: GELECEK KU\u015eAK, KARDE\u015eLER VE KUZENLER SERT\u0130F\u0130KA PROGRAMI"},"content":{"rendered":"<p>[vc_row content_placement=&#8221;middle&#8221; css=&#8221;.vc_custom_1649513182591{margin-bottom: 80px !important;}&#8221;][vc_column][vc_btn title=&#8221;Hizmetlere geri d\u00f6n&#8221; align=&#8221;left&#8221; link=&#8221;url:https%3A%2F%2Ffamily-advisor.com%2Ftr%2Fboston-aile-isletmeleri-akademisi%2F&#8221;][vc_empty_space][tt_vc_title_shortcode up_title=&#8221;Boston Aile \u0130\u015fletmeleri Akademisi&#8221;]PROGRAM 2: GELECEK KU\u015eAK, KARDE\u015eLER VE KUZENLER SERT\u0130F\u0130KA PROGRAMI[\/tt_vc_title_shortcode][vc_single_image image=&#8221;3348&#8243; img_size=&#8221;full&#8221;][vc_column_text]Aile \u015firket ve varl\u0131klar\u0131n\u0131z kurucu nesilden karde\u015flere veya kuzenlere ge\u00e7ti\u011finde, onu y\u00f6netmek i\u00e7in yeni bilgi ve becerilere ihtiyac\u0131n\u0131z olacak.<\/p>\n<p><strong>BU PROGRAM S\u0130ZE \u00d6ZELL\u0130KLE BU YETERL\u0130K VE TEKN\u0130KLER\u0130 \u00d6\u011eRENME FIRSATI VERECEKT\u0130R:<\/strong><\/p>\n<p>Karde\u015fler ve kuzenlerin nesillerinde etkili liderlik nas\u0131l kurulur?<\/p>\n<p>Bu ku\u015faklarda b\u00fcy\u00fcme, k\u00e2rl\u0131l\u0131k ve \u00e7ok ku\u015fakl\u0131 sahiplerin ihtiya\u00e7lar\u0131n\u0131 dengelemek i\u00e7in nas\u0131l planlan\u0131r?<\/p>\n<p>Karde\u015flerden Kuzenlere: \u0130kinci nesil ve \u00f6tesinde ba\u015far\u0131n\u0131n s\u0131rlar\u0131 nelerdir?<\/p>\n<p>D\u00fc\u015f\u00fcncenize yard\u0131mc\u0131 olmak, uzun vadeli planlaman\u0131z\u0131 ve uyumunuzu geli\u015ftirmek ve aile \u015firketi sisteminizi yeniden \u015fekillendirmek i\u00e7in pratik kavramlar\u0131 ve \u00e7ok ku\u015fakl\u0131 ba\u015far\u0131 ve ba\u015far\u0131s\u0131zl\u0131k durumlar\u0131yla test edilmi\u015f uygulamalar\u0131 \u00f6\u011freneceksiniz.<\/p>\n<p>Boston Family Business Academy\u2122&#8217;nin bu sertifika program\u0131nda \u015firket ve ailenizin gelece\u011fine odaklan\u0131yoruz. \u00d6n\u00fcn\u00fczdeki nesilde ekonomide ba\u015far\u0131n\u0131z\u0131 neyin y\u00f6nlendirece\u011fine dair stratejik d\u00fc\u015f\u00fcnme yetene\u011finizi g\u00fc\u00e7lendiriyoruz.<\/p>\n<p><img fetchpriority=\"high\" decoding=\"async\" class=\"aligncenter wp-image-3324\" src=\"https:\/\/family-advisor.com\/wp-content\/uploads\/2022\/08\/boston-fba-2-300x84.png\" alt=\"\" width=\"600\" height=\"168\" srcset=\"https:\/\/family-advisor.com\/wp-content\/uploads\/2022\/08\/boston-fba-2-300x84.png 300w, https:\/\/family-advisor.com\/wp-content\/uploads\/2022\/08\/boston-fba-2-1024x287.png 1024w, https:\/\/family-advisor.com\/wp-content\/uploads\/2022\/08\/boston-fba-2-768x216.png 768w, https:\/\/family-advisor.com\/wp-content\/uploads\/2022\/08\/boston-fba-2-1536x431.png 1536w, https:\/\/family-advisor.com\/wp-content\/uploads\/2022\/08\/boston-fba-2-2048x575.png 2048w\" sizes=\"(max-width: 600px) 100vw, 600px\" \/><\/p>\n<p>Programda, <strong>ger\u00e7ek hayattan vakalar\u0131<\/strong> kullanarak size iyi ve k\u00f6t\u00fc uygulamalar\u0131 g\u00f6r\u00fcr tart\u0131\u015farak -\u015firket ve ailenizi riske atmadan-\u00f6\u011frenmenizi sa\u011flayaca\u011f\u0131z. Ayn\u0131 zamanda di\u011fer \u015firket sahibi aileler ailelerle fikir al\u0131\u015fveri\u015finde bulunacak, onlar\u0131n deneyimlerinden de kazanacaks\u0131n\u0131z. Ayr\u0131ca sizin ilgi alanlar\u0131n\u0131za ve g\u00fcndeminize odaklanmak i\u00e7in e\u011fitim ekibinden birisi ile g\u00f6r\u00fc\u015fme yapma f\u0131rsat\u0131na sahip olacak isterseniz aile ve \u015firketiniz i\u00e7in bir kurumsalla\u015fma yol haritas\u0131 olu\u015fturabileceksiniz.<\/p>\n<h3>K\u0130MLER KATILMALI?<\/h3>\n<p>Aile \u015firketlerinde karde\u015fler, kuzenler, e\u015fleri, \u00e7ocuklar\u0131:<br \/>\nBu program, ikinci, \u00fc\u00e7\u00fcnc\u00fc veya daha sonraki nesillerin i\u015fi veya serveti kontrol etti\u011fi karde\u015fler veya kuzenlerden olu\u015fan aileler i\u00e7in \u00e7ok \u00f6nemli bir deneyimdir. Vaka incelemeleri, tart\u0131\u015fmalar ve s\u0131n\u0131f oturumlar\u0131, kurucu a\u015faman\u0131n \u00f6tesinde hayatta kalan \u00e7ok ku\u015fakl\u0131 ailelerin kar\u015f\u0131la\u015ft\u0131\u011f\u0131 farkl\u0131 sorunlara odaklan\u0131r.<\/p>\n<p>Aileler, birden fazla ki\u015fiden olu\u015fan ekiplere kat\u0131l\u0131r. Program, aile ekiplerinin d\u00fc\u015f\u00fcncelerini geli\u015ftirmelerine, d\u0131\u015fa bakmalar\u0131na ve \u00f6ng\u00f6r\u00fc kazanmalar\u0131na, vizyonlar\u0131n\u0131, uzun vadeli planlamalar\u0131n\u0131 geli\u015ftirmelerine yard\u0131mc\u0131 olur.<br \/>\nProgram, aile \u015firketini m\u00fclkiyet\/hissedarl\u0131k a\u00e7\u0131s\u0131ndan da inceleyerek, aile \u00fcyelerinin alacaklar\u0131 \u00f6nemli kararlar\u0131n sahipli\u011fe olan ektilerini de anlamalar\u0131n\u0131 sa\u011flar.<\/p>\n<h3>KONULAR<\/h3>\n<p>Aile \u015firketleri nesiller boyunca nas\u0131l geli\u015fir ve g\u00fcn\u00fcm\u00fcz\u00fcn sars\u0131c\u0131 \/ zorlay\u0131c\u0131 ortam\u0131nda nas\u0131l ba\u015far\u0131l\u0131 olunur?<\/p>\n<p>Ailenizin misyonunu ve temel de\u011ferlerini nas\u0131l yeniden g\u00f6zden ge\u00e7irebilir ve ifade edebilirsiniz?<\/p>\n<p>Bu h\u0131zla de\u011fi\u015fen ortamda ve Y-Z ku\u015fa\u011f\u0131n\u0131n ortaya \u00e7\u0131kmas\u0131yla birlikte liderlik, m\u00fclkiyet, y\u00f6neti\u015fim ve zenginlik yaratman\u0131n ku\u015fak ge\u00e7i\u015fleri nas\u0131l y\u00f6netilir?<\/p>\n<p>Aile \u015firketiniz, yat\u0131r\u0131mlar\u0131n\u0131z ve aile ofisiniz i\u00e7in bir portf\u00f6y stratejisine nas\u0131l karar verilir?<\/p>\n<p>Aile \u015firketinizi ve yat\u0131r\u0131mlar\u0131n\u0131z\u0131 kapitalize etmek, sahiplenmek ve kontrol etmek i\u00e7in ortaya \u00e7\u0131kan bir dizi strateji aras\u0131ndan nas\u0131l karar verilir?<\/p>\n<p>Aileler bu mobil, k\u00fcreselle\u015fmi\u015f d\u00fcnyada nas\u0131l modernle\u015fiyor ve bir arada kal\u0131yor?<\/p>\n<p>Teknoloji end\u00fcstrileri ve \u015firketleri nas\u0131l \u015fekillendiriyor ve aile \u015firketlerinin bu duruma nas\u0131l uyum sa\u011flamas\u0131 gerekiyor?<\/p>\n<p>Aile ve faaliyetleri b\u00fcy\u00fcd\u00fck\u00e7e ve karma\u015f\u0131kla\u015ft\u0131k\u00e7a aile, m\u00fclkiyet grubu, \u015firket, aile ofisi ve ailenin di\u011fer kurulu\u015flar\u0131 nas\u0131l y\u00f6netilir?<\/p>\n<p>Aileyi ve \u015firketini uzun vadeli ba\u015far\u0131 yolunda nas\u0131l tutabilirsiniz?<\/p>\n<p>Giderek artan say\u0131da aile sahibi ile karma\u015f\u0131k, \u00e7ok ku\u015fakl\u0131 bir aile \u015firketini bir sonraki veya daha fazla ku\u015fak i\u00e7in y\u00f6nlendirmek ve s\u00fcrd\u00fcrmek i\u00e7in en g\u00fcncel stratejiler aras\u0131ndan nas\u0131l karar verilir?<\/p>\n<p>E\u011fitimciler deneyimleri ile, kat\u0131l\u0131mc\u0131 ailelerin pratik kavramlar ve eylem planlar\u0131 \u00fcretmesini destekler. Aileniz zengin tart\u0131\u015fmalar yapacak ve programdan ailenizdeki uyum konusunda kendinizi daha emin hissederek ayr\u0131lacaks\u0131n\u0131z.[\/vc_column_text][\/vc_column][\/vc_row]<\/p>\n","protected":false},"excerpt":{"rendered":"<p>[vc_row content_placement=&#8221;middle&#8221; css=&#8221;.vc_custom_1649513182591{margin-bottom: 80px !important;}&#8221;][vc_column][vc_btn title=&#8221;Hizmetlere geri d\u00f6n&#8221; align=&#8221;left&#8221; link=&#8221;url:https%3A%2F%2Ffamily-advisor.com%2Ftr%2Fboston-aile-isletmeleri-akademisi%2F&#8221;][vc_empty_space][tt_vc_title_shortcode up_title=&#8221;Boston Aile \u0130\u015fletmeleri Akademisi&#8221;]PROGRAM 2: GELECEK KU\u015eAK, KARDE\u015eLER VE KUZENLER SERT\u0130F\u0130KA PROGRAMI[\/tt_vc_title_shortcode][vc_single_image image=&#8221;3348&#8243; img_size=&#8221;full&#8221;][vc_column_text]Aile \u015firket ve varl\u0131klar\u0131n\u0131z kurucu nesilden karde\u015flere veya kuzenlere ge\u00e7ti\u011finde, onu y\u00f6netmek i\u00e7in yeni bilgi ve becerilere ihtiyac\u0131n\u0131z olacak. BU PROGRAM S\u0130ZE \u00d6ZELL\u0130KLE BU YETERL\u0130K VE TEKN\u0130KLER\u0130 \u00d6\u011eRENME FIRSATI VERECEKT\u0130R: Karde\u015fler ve [&hellip;]<\/p>\n","protected":false},"author":1,"featured_media":0,"parent":3903,"menu_order":0,"comment_status":"closed","ping_status":"closed","template":"","meta":{"_seopress_robots_primary_cat":"","_seopress_titles_title":"","_seopress_titles_desc":"","_seopress_robots_index":"","footnotes":""},"class_list":["post-3905","page","type-page","status-publish","hentry"],"_links":{"self":[{"href":"https:\/\/family-advisor.com\/tr\/wp-json\/wp\/v2\/pages\/3905","targetHints":{"allow":["GET"]}}],"collection":[{"href":"https:\/\/family-advisor.com\/tr\/wp-json\/wp\/v2\/pages"}],"about":[{"href":"https:\/\/family-advisor.com\/tr\/wp-json\/wp\/v2\/types\/page"}],"author":[{"embeddable":true,"href":"https:\/\/family-advisor.com\/tr\/wp-json\/wp\/v2\/users\/1"}],"replies":[{"embeddable":true,"href":"https:\/\/family-advisor.com\/tr\/wp-json\/wp\/v2\/comments?post=3905"}],"version-history":[{"count":4,"href":"https:\/\/family-advisor.com\/tr\/wp-json\/wp\/v2\/pages\/3905\/revisions"}],"predecessor-version":[{"id":4170,"href":"https:\/\/family-advisor.com\/tr\/wp-json\/wp\/v2\/pages\/3905\/revisions\/4170"}],"up":[{"embeddable":true,"href":"https:\/\/family-advisor.com\/tr\/wp-json\/wp\/v2\/pages\/3903"}],"wp:attachment":[{"href":"https:\/\/family-advisor.com\/tr\/wp-json\/wp\/v2\/media?parent=3905"}],"curies":[{"name":"wp","href":"https:\/\/api.w.org\/{rel}","templated":true}]}}