{"id":3904,"date":"2022-08-20T18:32:52","date_gmt":"2022-08-20T18:32:52","guid":{"rendered":"https:\/\/family-advisor.com\/boston-family-business-academy\/program-1-good-family-business-governance-certificate-program\/"},"modified":"2022-12-18T10:38:08","modified_gmt":"2022-12-18T10:38:08","slug":"program-1-aile-sirketlerinde-iyi-kurumsal-yonetim-sertifika-programi","status":"publish","type":"page","link":"https:\/\/family-advisor.com\/tr\/boston-aile-isletmeleri-akademisi\/program-1-aile-sirketlerinde-iyi-kurumsal-yonetim-sertifika-programi\/","title":{"rendered":"PROGRAM 1: A\u0130LE \u015e\u0130RKETLER\u0130NDE \u0130Y\u0130 KURUMSAL Y\u00d6NET\u0130M SERT\u0130F\u0130KA PROGRAMI"},"content":{"rendered":"<p>[vc_row content_placement=&#8221;middle&#8221; css=&#8221;.vc_custom_1649513182591{margin-bottom: 80px !important;}&#8221;][vc_column][vc_btn title=&#8221;Hizmetlere geri d\u00f6n&#8221; align=&#8221;left&#8221; link=&#8221;url:https%3A%2F%2Ffamily-advisor.com%2Ftr%2Fboston-aile-isletmeleri-akademisi%2F&#8221;][vc_empty_space][tt_vc_title_shortcode up_title=&#8221;Boston Aile \u0130\u015fletmeleri Akademisi&#8221;]PROGRAM 1: A\u0130LE \u015e\u0130RKETLER\u0130NDE \u0130Y\u0130 KURUMSAL Y\u00d6NET\u0130M SERT\u0130F\u0130KA PROGRAMI[\/tt_vc_title_shortcode][vc_single_image image=&#8221;3346&#8243; img_size=&#8221;full&#8221;][vc_column_text]<\/p>\n<h3>Aile \u015eirket Politikalar\u0131n\u0131n Olu\u015fturulmas\u0131: \u015eirketinizi s\u00fcrd\u00fcrme ve ailenizdeki uyumu sa\u011flaman\u0131n yollar\u0131<\/h3>\n<p>Aile \u015firketi kurumsalla\u015fmas\u0131, ailenin \u015firketiyle ve i\u015fin aileyle nas\u0131l sa\u011fl\u0131kl\u0131 bir ili\u015fkisi olmas\u0131 gerekti\u011fini sa\u011flama s\u00fcrecidir. Hissedar aile ile \u015firket aras\u0131ndaki s\u0131n\u0131rlar ve kurallar\u0131 belirler.<\/p>\n<p>Bu programda, ailelerin karma\u015f\u0131k m\u00fclkiyet ve s\u00fcreklilik konular\u0131n\u0131 anlamalar\u0131na ve uygun y\u00f6netim yap\u0131lar\u0131n\u0131 devreye sokmalar\u0131na yard\u0131mc\u0131 oluyoruz. B\u00f6ylece gelecekteki sorunlar\u0131 daha kolay tahmin edebilir, bunlar\u0131 bir aile olarak tart\u0131\u015fabilir ve herkesin \u00e7\u0131kar\u0131na en uygun \u015fekilde toplu kararlar alabileceksiniz.<\/p>\n<p>Aile \u015eirketi \u0130yi Kurumsal Y\u00f6netim Program\u0131, kurucular\u0131n ve ailenin gelecek nesillerle aras\u0131nda bir k\u00f6pr\u00fc kurmas\u0131na yard\u0131mc\u0131 olur. Bu programda \u015firket ve ailenizi h\u0131zla de\u011fi\u015fen i\u015f ortam\u0131nda ve artan karma\u015f\u0131kl\u0131kta s\u00fcrekli ba\u015far\u0131 i\u00e7in konumland\u0131rmay\u0131, zaman\u0131 gelince gelecek nesile ge\u00e7i\u015fi nas\u0131l planlamak gerekti\u011fini \u00f6\u011freneceksiniz.<\/p>\n<p>Programda, ger\u00e7ek hayattan vakalar\u0131 kullanarak size iyi ve k\u00f6t\u00fc uygulamalar\u0131 g\u00f6r\u00fcr tart\u0131\u015farak -\u015firket ve ailenizi riske atmadan-\u00f6\u011frenmenizi sa\u011flayaca\u011f\u0131z. Ayn\u0131 zamanda di\u011fer \u015firket sahibi aileler ailelerle fikir al\u0131\u015fveri\u015finde bulunacak, onlar\u0131n deneyimlerinden de kazanacaks\u0131n\u0131z. Ayr\u0131ca sizin ilgi alanlar\u0131n\u0131za ve g\u00fcndeminize odaklanmak i\u00e7in e\u011fitim ekibinden birisi ile g\u00f6r\u00fc\u015fme yapma f\u0131rsat\u0131na sahip olacak isterseniz aile ve \u015firketiniz i\u00e7in bir kurumsalla\u015fma yol haritas\u0131 olu\u015fturabileceksiniz.<\/p>\n<p><img fetchpriority=\"high\" decoding=\"async\" class=\"aligncenter wp-image-3324\" src=\"https:\/\/family-advisor.com\/wp-content\/uploads\/2022\/08\/boston-fba-2-300x84.png\" alt=\"\" width=\"1000\" height=\"281\" srcset=\"https:\/\/family-advisor.com\/wp-content\/uploads\/2022\/08\/boston-fba-2-300x84.png 300w, https:\/\/family-advisor.com\/wp-content\/uploads\/2022\/08\/boston-fba-2-1024x287.png 1024w, https:\/\/family-advisor.com\/wp-content\/uploads\/2022\/08\/boston-fba-2-768x216.png 768w, https:\/\/family-advisor.com\/wp-content\/uploads\/2022\/08\/boston-fba-2-1536x431.png 1536w, https:\/\/family-advisor.com\/wp-content\/uploads\/2022\/08\/boston-fba-2-2048x575.png 2048w\" sizes=\"(max-width: 1000px) 100vw, 1000px\" \/><\/p>\n<p>Bu programa kat\u0131lan ki\u015filerin edindi\u011fi temel \u00f6\u011frenimler:<\/p>\n<ul>\n<li>\u015eirketinizin ve ailenizin yarar\u0131na olacak temel kurallar\u0131 ve yap\u0131lar\u0131 belirlemeyi<\/li>\n<li>Aile \u015firketinizi ve servetinizi korumak ve b\u00fcy\u00fctmek i\u00e7in en iyi uygulama ve ara\u00e7lar\u0131; yanl\u0131\u015f uygulamalardan nas\u0131l ka\u00e7\u0131naca\u011f\u0131n\u0131z\u0131<\/li>\n<li>Aile \u00fcyeleri aras\u0131nda iyi ileti\u015fim sa\u011flamak ve ekip ruhunu g\u00fc\u00e7lendirmek i\u00e7in y\u00f6ntemleri<\/li>\n<li>Di\u011fer aile \u015firketlerinin uzun vadeli, s\u00fcrd\u00fcr\u00fclebilir ba\u015far\u0131 i\u00e7in kendilerini nas\u0131l y\u00f6nettiklerini<\/li>\n<li>Gen\u00e7 nesil \u00fcyelerinizin aile i\u015fi ve varl\u0131klar\u0131n\u0131n gelece\u011fin sorumlu emanet\u00e7ileri olarak nas\u0131l haz\u0131rlanmalar\u0131 gerekti\u011fini<\/li>\n<\/ul>\n<p>Aile Anayasas\u0131: Ailenizi ve i\u015finizi g\u00fcvenceye alma ve s\u00fcrd\u00fcrebilmek i\u00e7in gerekli kural, politika ve anla\u015fmalar\u0131<\/p>\n<h3>BU PROGRAMA K\u0130MLER KATILMALI:<\/h3>\n<ul>\n<li>Kurucular, \u015firkette aktif ve aktif olmayan aile \u00fcyeleri, di\u011fer hissedarlar<\/li>\n<li>E\u015fler ve yeni nesil aile \u00fcyeleri<\/li>\n<\/ul>\n<h2>KATILIMCILARA BOSTON A\u0130LE \u015e\u0130RKETLER\u0130 AKADEM\u0130S\u0130 \u2122 SERT\u0130F\u0130KASI VER\u0130LECEKT\u0130R<\/h2>\n<p>[\/vc_column_text][\/vc_column][\/vc_row]<\/p>\n","protected":false},"excerpt":{"rendered":"<p>[vc_row content_placement=&#8221;middle&#8221; css=&#8221;.vc_custom_1649513182591{margin-bottom: 80px !important;}&#8221;][vc_column][vc_btn title=&#8221;Hizmetlere geri d\u00f6n&#8221; align=&#8221;left&#8221; link=&#8221;url:https%3A%2F%2Ffamily-advisor.com%2Ftr%2Fboston-aile-isletmeleri-akademisi%2F&#8221;][vc_empty_space][tt_vc_title_shortcode up_title=&#8221;Boston Aile \u0130\u015fletmeleri Akademisi&#8221;]PROGRAM 1: A\u0130LE \u015e\u0130RKETLER\u0130NDE \u0130Y\u0130 KURUMSAL Y\u00d6NET\u0130M SERT\u0130F\u0130KA PROGRAMI[\/tt_vc_title_shortcode][vc_single_image image=&#8221;3346&#8243; img_size=&#8221;full&#8221;][vc_column_text] Aile \u015eirket Politikalar\u0131n\u0131n Olu\u015fturulmas\u0131: \u015eirketinizi s\u00fcrd\u00fcrme ve ailenizdeki uyumu sa\u011flaman\u0131n yollar\u0131 Aile \u015firketi kurumsalla\u015fmas\u0131, ailenin \u015firketiyle ve i\u015fin aileyle nas\u0131l sa\u011fl\u0131kl\u0131 bir ili\u015fkisi olmas\u0131 gerekti\u011fini sa\u011flama s\u00fcrecidir. Hissedar aile ile \u015firket [&hellip;]<\/p>\n","protected":false},"author":1,"featured_media":0,"parent":3903,"menu_order":0,"comment_status":"closed","ping_status":"closed","template":"","meta":{"_seopress_robots_primary_cat":"","_seopress_titles_title":"","_seopress_titles_desc":"","_seopress_robots_index":"","footnotes":""},"class_list":["post-3904","page","type-page","status-publish","hentry"],"_links":{"self":[{"href":"https:\/\/family-advisor.com\/tr\/wp-json\/wp\/v2\/pages\/3904","targetHints":{"allow":["GET"]}}],"collection":[{"href":"https:\/\/family-advisor.com\/tr\/wp-json\/wp\/v2\/pages"}],"about":[{"href":"https:\/\/family-advisor.com\/tr\/wp-json\/wp\/v2\/types\/page"}],"author":[{"embeddable":true,"href":"https:\/\/family-advisor.com\/tr\/wp-json\/wp\/v2\/users\/1"}],"replies":[{"embeddable":true,"href":"https:\/\/family-advisor.com\/tr\/wp-json\/wp\/v2\/comments?post=3904"}],"version-history":[{"count":4,"href":"https:\/\/family-advisor.com\/tr\/wp-json\/wp\/v2\/pages\/3904\/revisions"}],"predecessor-version":[{"id":4045,"href":"https:\/\/family-advisor.com\/tr\/wp-json\/wp\/v2\/pages\/3904\/revisions\/4045"}],"up":[{"embeddable":true,"href":"https:\/\/family-advisor.com\/tr\/wp-json\/wp\/v2\/pages\/3903"}],"wp:attachment":[{"href":"https:\/\/family-advisor.com\/tr\/wp-json\/wp\/v2\/media?parent=3904"}],"curies":[{"name":"wp","href":"https:\/\/api.w.org\/{rel}","templated":true}]}}