{"id":3903,"date":"2022-08-20T18:25:09","date_gmt":"2022-08-20T18:25:09","guid":{"rendered":"https:\/\/family-advisor.com\/boston-family-business-academy\/"},"modified":"2023-03-11T19:54:21","modified_gmt":"2023-03-11T19:54:21","slug":"boston-aile-isletmeleri-akademisi","status":"publish","type":"page","link":"https:\/\/family-advisor.com\/tr\/boston-aile-isletmeleri-akademisi\/","title":{"rendered":"Boston Aile \u0130\u015fletmeleri Akademisi"},"content":{"rendered":"<p>[vc_row full_width=&#8221;stretch_row&#8221; el_class=&#8221;service-page service-list&#8221;][vc_column][tt_vc_title_shortcode]Hizmetler[\/tt_vc_title_shortcode][vc_row_inner css=&#8221;.vc_custom_1651004354542{margin-top: 40px !important;}&#8221;][vc_column_inner width=&#8221;1\/3&#8243;][vc_single_image image=&#8221;3346&#8243; img_size=&#8221;full&#8221; alignment=&#8221;center&#8221;][vc_column_text]<\/p>\n<h3 class=\"entry-title\" style=\"text-align: center;\"><a href=\"https:\/\/family-advisor.com\/tr\/boston-aile-isletmeleri-akademisi\/program-1-aile-sirketlerinde-iyi-kurumsal-yonetim-sertifika-programi\/\">PROGRAM 1: SERT\u0130F\u0130KALI E\u011e\u0130T\u0130M PROGRAMLARI<\/a><\/h3>\n<p>[\/vc_column_text][\/vc_column_inner][vc_column_inner width=&#8221;1\/3&#8243;][vc_single_image image=&#8221;3348&#8243; img_size=&#8221;full&#8221; alignment=&#8221;center&#8221;][vc_column_text]<\/p>\n<h3 class=\"entry-title\" style=\"text-align: center;\"><a href=\"https:\/\/family-advisor.com\/tr\/boston-aile-isletmeleri-akademisi\/program-2-gelecek-kusak-kardesler-ve-kuzenler-sertifika-programi\/\"><span style=\"letter-spacing: 0.03em;\">\u00a02: GELECEK KU\u015eAK, KARDE\u015eLER VE KUZENLER SERT\u0130F\u0130KA PROGRAMI<\/span><\/a><\/h3>\n<p>[\/vc_column_text][\/vc_column_inner][vc_column_inner width=&#8221;1\/3&#8243;][vc_single_image image=&#8221;3350&#8243; img_size=&#8221;full&#8221; alignment=&#8221;center&#8221;][vc_column_text]<\/p>\n<h3 class=\"entry-title\" style=\"text-align: center;\"><a href=\"https:\/\/family-advisor.com\/tr\/boston-aile-isletmeleri-akademisi\/program-3-aile-sirketiniz-icin-en-iyi-yonetim-kurulu-sertifika-programi\/\">PROGRAM 3: A\u0130LE \u015e\u0130RKET\u0130N\u0130Z \u0130\u00c7\u0130N EN \u0130Y\u0130 Y\u00d6NETIM KURULU SERT\u0130F\u0130KA PROGRAMI<\/a><\/h3>\n<p>[\/vc_column_text][\/vc_column_inner][\/vc_row_inner][\/vc_column][\/vc_row][vc_row content_placement=&#8221;top&#8221; css=&#8221;.vc_custom_1651006035627{margin-top: 50px !important;}&#8221;][vc_column][tt_vc_title_shortcode up_title=&#8221;Ne yap\u0131yoruz&#8221;]Boston Aile \u0130\u015fletmeleri Akademisi[\/tt_vc_title_shortcode][vc_column_text]<\/p>\n<h4>Boston Aile \u0130\u015fletmeleri Akademisi&#8217;nin (BFBA) ana misyonu: Aile \u015firketlerinin ba\u015far\u0131l\u0131 ve s\u00fcrd\u00fcr\u00fclebilir olmalar\u0131n\u0131 sa\u011flay\u0131c\u0131 sertifikal\u0131 e\u011fitimler vermek.<\/h4>\n<p>Akademi, en g\u00fcncel ve etkin aile \u015firketi ve y\u00f6netim kurulu uygulamalar\u0131n\u0131 \u00f6\u011frenmek ve bunlar\u0131 kendi i\u015flerine uygulamak i\u00e7in pragmatik programlar sunar.<\/p>\n<p>Kurucu ve y\u00f6netici Haluk Alacakl\u0131o\u011flu, Harvard Business School (MBA) mezunudur ve A.U.L, Londra&#8217;da \u201cAile \u015firketlerinde kurumsal y\u00f6netim\u201d konusunda doktora yapm\u0131\u015ft\u0131r.<\/p>\n<p>Akademi, \u0130ngiltere&#8217;de kay\u0131tl\u0131 Family Business Governance, LLP&#8217;nin tescilli markas\u0131d\u0131r.<\/p>\n<p>Akademi, d\u00fcnyadaki ger\u00e7ek i\u015f \/\u015firket vakalar\u0131 vaka metodolojisi ile kullan\u0131r. Bu metodolojinin \u00fcst\u00fcnl\u00fc\u011f\u00fc \u00f6nde gelen i\u015fletme okullar\u0131 taraf\u0131ndan kan\u0131tlanm\u0131\u015ft\u0131r.<\/p>\n<p>Direkt\u00f6r Dr. Alacakl\u0131o\u011flu&#8217;nun \u00f6\u011fretim \u00fcyesi stat\u00fcs\u00fc Harvard Business School taraf\u0131ndan onaylanm\u0131\u015ft\u0131r.<\/p>\n<p>BFBA&#8217;n\u0131n e\u011fitimcileri alanlar\u0131nda uzmand\u0131r ve uzun y\u0131llara dayanan deneyime sahip kendi alanlar\u0131nda uygulay\u0131c\u0131lard\u0131r.<\/p>\n<h3>ODAKLI, UYGULAMALI, EYLEM ODAKLI PROGRAMLAR<\/h3>\n<p>\u00c7a\u011f\u0131m\u0131z\u0131n ger\u00e7e\u011fi, h\u0131zl\u0131 tempolu, de\u011fi\u015fen d\u00fcnyam\u0131zda, i\u015fletme sahiplerinin uzun, teorik, akademik aile \u015firketi programlar\u0131na kat\u0131l\u0131m i\u00e7in ne zaman\u0131 ne de sabr\u0131 var. En k\u0131sa s\u00fcrede, eyleme ge\u00e7irilebilir bilgi ve uygulamalar istiyorlar. Bu nedenle, aile \u015firketinizi ba\u015far\u0131l\u0131 bir \u015fekilde y\u00f6netmenin en \u00f6nemli y\u00f6nlerine odaklanm\u0131\u015f k\u0131sa programlar tasarlad\u0131k.<\/p>\n<p>Bu programlar yo\u011fun ve etkile\u015fimlidir. Sadece dinlemek ve izlemek i\u00e7in gelmiyorsunuz. Vaka \u00e7al\u0131\u015fmalar\u0131na kat\u0131l\u0131p, meslekta\u015flar\u0131n\u0131z ve dan\u0131\u015fmanlar\u0131n\u0131zla fikirlerinizi tart\u0131\u015f\u0131p test eder, kendi eylem planlar\u0131n\u0131z\u0131 olu\u015fturursunuz.<\/p>\n<p>Her program, aile \u015firketlerini ba\u015far\u0131l\u0131 bir \u015fekilde y\u00f6netmenin en \u00f6nemli konular\u0131na odaklan\u0131r.[\/vc_column_text][\/vc_column][\/vc_row]<\/p>\n","protected":false},"excerpt":{"rendered":"<p>[vc_row full_width=&#8221;stretch_row&#8221; el_class=&#8221;service-page service-list&#8221;][vc_column][tt_vc_title_shortcode]Hizmetler[\/tt_vc_title_shortcode][vc_row_inner css=&#8221;.vc_custom_1651004354542{margin-top: 40px !important;}&#8221;][vc_column_inner width=&#8221;1\/3&#8243;][vc_single_image image=&#8221;3346&#8243; img_size=&#8221;full&#8221; alignment=&#8221;center&#8221;][vc_column_text] PROGRAM 1: SERT\u0130F\u0130KALI E\u011e\u0130T\u0130M PROGRAMLARI [\/vc_column_text][\/vc_column_inner][vc_column_inner width=&#8221;1\/3&#8243;][vc_single_image image=&#8221;3348&#8243; img_size=&#8221;full&#8221; alignment=&#8221;center&#8221;][vc_column_text] \u00a02: GELECEK KU\u015eAK, KARDE\u015eLER VE KUZENLER SERT\u0130F\u0130KA PROGRAMI [\/vc_column_text][\/vc_column_inner][vc_column_inner width=&#8221;1\/3&#8243;][vc_single_image image=&#8221;3350&#8243; img_size=&#8221;full&#8221; alignment=&#8221;center&#8221;][vc_column_text] PROGRAM 3: A\u0130LE \u015e\u0130RKET\u0130N\u0130Z \u0130\u00c7\u0130N EN \u0130Y\u0130 Y\u00d6NETIM KURULU SERT\u0130F\u0130KA PROGRAMI [\/vc_column_text][\/vc_column_inner][\/vc_row_inner][\/vc_column][\/vc_row][vc_row content_placement=&#8221;top&#8221; css=&#8221;.vc_custom_1651006035627{margin-top: 50px !important;}&#8221;][vc_column][tt_vc_title_shortcode up_title=&#8221;Ne yap\u0131yoruz&#8221;]Boston Aile \u0130\u015fletmeleri Akademisi[\/tt_vc_title_shortcode][vc_column_text] [&hellip;]<\/p>\n","protected":false},"author":1,"featured_media":0,"parent":0,"menu_order":0,"comment_status":"closed","ping_status":"closed","template":"","meta":{"_seopress_robots_primary_cat":"","_seopress_titles_title":"","_seopress_titles_desc":"","_seopress_robots_index":"","footnotes":""},"class_list":["post-3903","page","type-page","status-publish","hentry"],"_links":{"self":[{"href":"https:\/\/family-advisor.com\/tr\/wp-json\/wp\/v2\/pages\/3903","targetHints":{"allow":["GET"]}}],"collection":[{"href":"https:\/\/family-advisor.com\/tr\/wp-json\/wp\/v2\/pages"}],"about":[{"href":"https:\/\/family-advisor.com\/tr\/wp-json\/wp\/v2\/types\/page"}],"author":[{"embeddable":true,"href":"https:\/\/family-advisor.com\/tr\/wp-json\/wp\/v2\/users\/1"}],"replies":[{"embeddable":true,"href":"https:\/\/family-advisor.com\/tr\/wp-json\/wp\/v2\/comments?post=3903"}],"version-history":[{"count":7,"href":"https:\/\/family-advisor.com\/tr\/wp-json\/wp\/v2\/pages\/3903\/revisions"}],"predecessor-version":[{"id":4156,"href":"https:\/\/family-advisor.com\/tr\/wp-json\/wp\/v2\/pages\/3903\/revisions\/4156"}],"wp:attachment":[{"href":"https:\/\/family-advisor.com\/tr\/wp-json\/wp\/v2\/media?parent=3903"}],"curies":[{"name":"wp","href":"https:\/\/api.w.org\/{rel}","templated":true}]}}