{"id":3902,"date":"2022-06-22T19:02:19","date_gmt":"2022-06-22T19:02:19","guid":{"rendered":"https:\/\/family-advisor.com\/board-advisor\/independent-board-membership-2\/"},"modified":"2022-12-12T16:58:19","modified_gmt":"2022-12-12T16:58:19","slug":"bagimsiz-yonetim-kurulu-uyeligi","status":"publish","type":"page","link":"https:\/\/family-advisor.com\/tr\/yonetim-kurulu-danismani\/bagimsiz-yonetim-kurulu-uyeligi\/","title":{"rendered":"Ba\u011f\u0131ms\u0131z Y\u00f6netim Kurulu \u00dcyeli\u011fi"},"content":{"rendered":"<p>[vc_row content_placement=&#8221;middle&#8221; css=&#8221;.vc_custom_1649513182591{margin-bottom: 80px !important;}&#8221;][vc_column][vc_btn title=&#8221;Hizmetlere geri d\u00f6n&#8221; align=&#8221;left&#8221; link=&#8221;url:https%3A%2F%2Ffamily-advisor.com%2Ftr%2Fyonetim-kurulu-danismani%2F|title:Y%C3%B6netim%20Kurulu%20Dan%C4%B1%C5%9Fman%C4%B1&#8243;][vc_empty_space][tt_vc_title_shortcode up_title=&#8221;Y\u00f6netim Kurulu Dan\u0131\u015fman\u0131&#8221;]Ba\u011f\u0131ms\u0131z Y\u00f6netim Kurulu \u00dcyeli\u011fi[\/tt_vc_title_shortcode][vc_single_image image=&#8221;3258&#8243; img_size=&#8221;full&#8221;][vc_column_text]\u015eirketlerde Ba\u011f\u0131ms\u0131z Y\u00f6netim Kurulu \u00dcyesi olarak 2000 den beri g\u00f6rev alarak kendi birikim ve yetkinliklerim do\u011frultusunda (\u201cHakk\u0131mda\u201d b\u00f6l\u00fcm\u00fcne bak\u0131n\u0131z) \u015fu katk\u0131lar\u0131 yapmaktay\u0131m:<br \/>\n<strong>I. Grup \u0130cra Ba\u015fkan\u0131na destek:<\/strong> Genel M\u00fcd\u00fcr (GM)\/ \u0130cra Ba\u015fkan\u0131 (\u0130B)n\u0131n icrada kar\u015f\u0131la\u015ft\u0131\u011f\u0131 ana stratejik (g\u00fcndelik ve operasyonel konular d\u0131\u015f\u0131nda) konularda de\u011fi\u015fik g\u00f6r\u00fc\u015f, d\u00fc\u015f\u00fcnce, tavsiye ve y\u00f6ntemlerle destek olmak.<\/p>\n<p><strong>II. Denetim, Kontrol, Performans:<\/strong> \u015eirketin ve idarecilerin performans\u0131n\u0131 de\u011ferlendirmesine katk\u0131da bulunmak; b\u00fct\u00e7e plan\u0131n\u0131n uygulanmas\u0131n\u0131 ve sonu\u00e7lar\u0131 irdelemek. Y\u00fcr\u00fctmeyle ilgili sorgulamak. Kurumsal politika ve kurallara uygunlu\u011fu denetlemek<\/p>\n<p><strong>III. Stratejik Organizasyon ve Lider Y\u00f6netim Kaynaklar\u0131:<\/strong> \u00dcst y\u00f6neticileri se\u00e7ilmesinde destek vermek. Alternatif g\u00f6r\u00fc\u015f olu\u015fturmak. \u00d6d\u00fcllendirme ve performans sistemlerinin do\u011fru kurulmas\u0131 ve \u00e7al\u0131\u015fmas\u0131nda etkin olmak.<\/p>\n<p><strong>IV. Haleflik Planlamas\u0131:<\/strong> Hem \u0130cra ba\u015fkan\u0131 (CEO; GM&#8230;) hem de Y\u00f6netim Kurulu i\u00e7in gerekli haleflik ve devir planlamas\u0131n\u0131 yap\u0131p, e\u011fitim ve uygulamay\u0131 sa\u011flamak. Bu ba\u011flamda Gen\u00e7 Ku\u015fak (Ve sonras\u0131) i\u00e7in \u0130nsan Kaynaklar\u0131n\u0131n kariyer planlamas\u0131n\u0131 denetleyip gerekli y\u00f6nlendirmelerde bulunmak.<\/p>\n<p><strong>V. Strateji ve yat\u0131r\u0131mlar:<\/strong> Hissedarlar\u0131n vizyonuna g\u00f6re gelecekteki takip edilecek yolla ilgili tart\u0131\u015fma, planlama, icraat\u0131 y\u00f6nlendirme, a\u00e7\u0131k hedefler belirleme&#8230;<br \/>\nYat\u0131r\u0131m ve b\u00fcy\u00fcme (k\u00fc\u00e7\u00fclme) kararlar\u0131 vermek: Yeni \u00fcr\u00fcn, sekt\u00f6r, co\u011frafi geni\u015fleme kararlar\u0131 vermek. Uzun d\u00f6nemli stratejiyi olu\u015fturmak<\/p>\n<p>[\/vc_column_text][\/vc_column][\/vc_row]<\/p>\n","protected":false},"excerpt":{"rendered":"<p>[vc_row content_placement=&#8221;middle&#8221; css=&#8221;.vc_custom_1649513182591{margin-bottom: 80px !important;}&#8221;][vc_column][vc_btn title=&#8221;Hizmetlere geri d\u00f6n&#8221; align=&#8221;left&#8221; link=&#8221;url:https%3A%2F%2Ffamily-advisor.com%2Ftr%2Fyonetim-kurulu-danismani%2F|title:Y%C3%B6netim%20Kurulu%20Dan%C4%B1%C5%9Fman%C4%B1&#8243;][vc_empty_space][tt_vc_title_shortcode up_title=&#8221;Y\u00f6netim Kurulu Dan\u0131\u015fman\u0131&#8221;]Ba\u011f\u0131ms\u0131z Y\u00f6netim Kurulu \u00dcyeli\u011fi[\/tt_vc_title_shortcode][vc_single_image image=&#8221;3258&#8243; img_size=&#8221;full&#8221;][vc_column_text]\u015eirketlerde Ba\u011f\u0131ms\u0131z Y\u00f6netim Kurulu \u00dcyesi olarak 2000 den beri g\u00f6rev alarak kendi birikim ve yetkinliklerim do\u011frultusunda (\u201cHakk\u0131mda\u201d b\u00f6l\u00fcm\u00fcne bak\u0131n\u0131z) \u015fu katk\u0131lar\u0131 yapmaktay\u0131m: I. Grup \u0130cra Ba\u015fkan\u0131na destek: Genel M\u00fcd\u00fcr (GM)\/ \u0130cra Ba\u015fkan\u0131 (\u0130B)n\u0131n icrada kar\u015f\u0131la\u015ft\u0131\u011f\u0131 ana stratejik (g\u00fcndelik [&hellip;]<\/p>\n","protected":false},"author":1,"featured_media":0,"parent":3898,"menu_order":0,"comment_status":"closed","ping_status":"closed","template":"","meta":{"_seopress_robots_primary_cat":"","_seopress_titles_title":"","_seopress_titles_desc":"","_seopress_robots_index":"","footnotes":""},"class_list":["post-3902","page","type-page","status-publish","hentry"],"_links":{"self":[{"href":"https:\/\/family-advisor.com\/tr\/wp-json\/wp\/v2\/pages\/3902","targetHints":{"allow":["GET"]}}],"collection":[{"href":"https:\/\/family-advisor.com\/tr\/wp-json\/wp\/v2\/pages"}],"about":[{"href":"https:\/\/family-advisor.com\/tr\/wp-json\/wp\/v2\/types\/page"}],"author":[{"embeddable":true,"href":"https:\/\/family-advisor.com\/tr\/wp-json\/wp\/v2\/users\/1"}],"replies":[{"embeddable":true,"href":"https:\/\/family-advisor.com\/tr\/wp-json\/wp\/v2\/comments?post=3902"}],"version-history":[{"count":4,"href":"https:\/\/family-advisor.com\/tr\/wp-json\/wp\/v2\/pages\/3902\/revisions"}],"predecessor-version":[{"id":4018,"href":"https:\/\/family-advisor.com\/tr\/wp-json\/wp\/v2\/pages\/3902\/revisions\/4018"}],"up":[{"embeddable":true,"href":"https:\/\/family-advisor.com\/tr\/wp-json\/wp\/v2\/pages\/3898"}],"wp:attachment":[{"href":"https:\/\/family-advisor.com\/tr\/wp-json\/wp\/v2\/media?parent=3902"}],"curies":[{"name":"wp","href":"https:\/\/api.w.org\/{rel}","templated":true}]}}