{"id":3901,"date":"2022-06-22T19:01:06","date_gmt":"2022-06-22T19:01:06","guid":{"rendered":"https:\/\/family-advisor.com\/board-advisor\/establishing-competent-boards-2\/"},"modified":"2022-12-12T16:49:48","modified_gmt":"2022-12-12T16:49:48","slug":"etkin-yonetim-kurulu-kurulup-isletme","status":"publish","type":"page","link":"https:\/\/family-advisor.com\/tr\/yonetim-kurulu-danismani\/etkin-yonetim-kurulu-kurulup-isletme\/","title":{"rendered":"Etkin Y\u00f6netim Kurulu Kurulup \u0130\u015fletme"},"content":{"rendered":"<p>[vc_row content_placement=&#8221;middle&#8221; css=&#8221;.vc_custom_1649513182591{margin-bottom: 80px !important;}&#8221;][vc_column][vc_btn title=&#8221;Hizmetlere geri d\u00f6n&#8221; align=&#8221;left&#8221; link=&#8221;url:https%3A%2F%2Ffamily-advisor.com%2Ftr%2Fyonetim-kurulu-danismani%2F|title:Y%C3%B6netim%20Kurulu%20Dan%C4%B1%C5%9Fman%C4%B1&#8243;][vc_empty_space][tt_vc_title_shortcode up_title=&#8221;Y\u00f6netim Kurulu Dan\u0131\u015fman\u0131&#8221;]Etkin Y\u00f6netim Kurulu Kurulup \u0130\u015fletme[\/tt_vc_title_shortcode][vc_single_image image=&#8221;3463&#8243; img_size=&#8221;full&#8221;][vc_column_text]Burada, hissedarlara do\u011frudan \u015fu ad\u0131mlarla destek oluyorum:<\/p>\n<ul>\n<li>Y\u00f6netim Kurulunuzun somut olarak misyon ve hedeflerini tan\u0131mlama<\/li>\n<li>\u015eirketiniz i\u00e7in en uygun kurulu olu\u015fturun (d\u00fcnyada aile \u015firketleri taraf\u0131ndan kullan\u0131lan farkl\u0131 tipler aras\u0131nda)<\/li>\n<li>\u0130\u015finizin, sekt\u00f6r\u00fcn\u00fcz\u00fcn, rekabetinizin, siyasi ve ekonomik ortam\u0131n\u0131z\u0131n vb. karma\u015f\u0131kl\u0131klar\u0131na (veya basitliklerine) ve CEO\/GM&#8217;nin stat\u00fcs\u00fcne g\u00f6re hedefleri do\u011fru belirleme<\/li>\n<li>Ger\u00e7ek \u015firket performans\u0131n\u0131z\u0131, Y\u00f6netim seviyesinde olamayan ayr\u0131nt\u0131lar, uzun, karma\u015f\u0131k sunumlar aras\u0131nda kaybolmadan etkili bir \u015fekilde \u00f6l\u00e7mek i\u00e7in gerekli verileri (oran analizi ve tekniklerini kullanarak) olu\u015fturma.<\/li>\n<li>B\u00f6ylece y\u00f6netim kurulunda \u015firket ve icran\u0131n ger\u00e7ek performans\u0131n\u0131 \u015feffaf ve net bir \u015fekilde g\u00f6r\u00fcp de\u011ferlendirme<\/li>\n<li>Y\u00f6netim Kurulu&#8217;nun icra ekibiyle i\u015fbirli\u011fi ve denetimi i\u00e7in do\u011fru stratejileri tan\u0131mlama.<\/li>\n<\/ul>\n<p><strong>Bu ad\u0131mdan sonra size \u015fu konularda yard\u0131mc\u0131 oluyorum:<\/strong><\/p>\n<p>&#8211; y\u00f6netim kurulu ekibiniz i\u00e7in en uygun \u00fcye profili tan\u0131mlama:<\/p>\n<ul>\n<li>Aile hissedar \u00fcyeleri- aile \u00fcyesi olmayanlar,<\/li>\n<li>Gerekli yetkinlikler<\/li>\n<li>Y\u00f6netim kurulunu g\u00fc\u00e7lendirecek ba\u011f\u0131ms\u0131z \u00fcyeler.<\/li>\n<\/ul>\n<p><strong>Ba\u011f\u0131ms\u0131z akademik ara\u015ft\u0131rmalar\u0131n ortaya koydu\u011fu \u00f6nemli bir ger\u00e7ek :<\/strong><\/p>\n<h3>Ba\u011f\u0131ms\u0131z \u00dcyeler Y\u00f6netim Kurulunun Etkinli\u011fini Art\u0131rmakta<\/h3>\n<p>\u201cAra\u015ft\u0131rmalara g\u00f6re, y\u00f6netim kurullar\u0131nda ba\u011f\u0131ms\u0131z \u00fcyelere sahip aile \u015firketleri, di\u011ferlerine oranla \u00e7ok daha y\u00fcksek d\u00fczeyde etkinli\u011fe sahiptir. Bu etkinlik ba\u011f\u0131ms\u0131z temsil miktar\u0131yla artmakta. (Pendergast, Jennifer, John Ward, and Stephanie Brun de Pontet)\u201d<\/p>\n<h4>\u00a0Y\u00f6netim Kurulu yap\u0131s\u0131na g\u00f6re kurullar\u0131n\u0131n etkinli\u011fi ve ba\u015far\u0131s\u0131n\u0131 de\u011ferlendiren \u00fcyelerin y\u00fczdesi<\/h4>\n<p><img fetchpriority=\"high\" decoding=\"async\" class=\"wp-image-3293 size-full alignleft\" src=\"https:\/\/family-advisor.com\/wp-content\/uploads\/2022\/07\/stats.jpg\" alt=\"\" width=\"645\" height=\"289\" srcset=\"https:\/\/family-advisor.com\/wp-content\/uploads\/2022\/07\/stats.jpg 645w, https:\/\/family-advisor.com\/wp-content\/uploads\/2022\/07\/stats-300x134.jpg 300w\" sizes=\"(max-width: 645px) 100vw, 645px\" \/>[\/vc_column_text][\/vc_column][\/vc_row]<\/p>\n","protected":false},"excerpt":{"rendered":"<p>[vc_row content_placement=&#8221;middle&#8221; css=&#8221;.vc_custom_1649513182591{margin-bottom: 80px !important;}&#8221;][vc_column][vc_btn title=&#8221;Hizmetlere geri d\u00f6n&#8221; align=&#8221;left&#8221; link=&#8221;url:https%3A%2F%2Ffamily-advisor.com%2Ftr%2Fyonetim-kurulu-danismani%2F|title:Y%C3%B6netim%20Kurulu%20Dan%C4%B1%C5%9Fman%C4%B1&#8243;][vc_empty_space][tt_vc_title_shortcode up_title=&#8221;Y\u00f6netim Kurulu Dan\u0131\u015fman\u0131&#8221;]Etkin Y\u00f6netim Kurulu Kurulup \u0130\u015fletme[\/tt_vc_title_shortcode][vc_single_image image=&#8221;3463&#8243; img_size=&#8221;full&#8221;][vc_column_text]Burada, hissedarlara do\u011frudan \u015fu ad\u0131mlarla destek oluyorum: Y\u00f6netim Kurulunuzun somut olarak misyon ve hedeflerini tan\u0131mlama \u015eirketiniz i\u00e7in en uygun kurulu olu\u015fturun (d\u00fcnyada aile \u015firketleri taraf\u0131ndan kullan\u0131lan farkl\u0131 tipler aras\u0131nda) \u0130\u015finizin, sekt\u00f6r\u00fcn\u00fcz\u00fcn, rekabetinizin, siyasi ve ekonomik ortam\u0131n\u0131z\u0131n vb. [&hellip;]<\/p>\n","protected":false},"author":1,"featured_media":0,"parent":3898,"menu_order":0,"comment_status":"closed","ping_status":"closed","template":"","meta":{"_seopress_robots_primary_cat":"","_seopress_titles_title":"","_seopress_titles_desc":"","_seopress_robots_index":"","footnotes":""},"class_list":["post-3901","page","type-page","status-publish","hentry"],"_links":{"self":[{"href":"https:\/\/family-advisor.com\/tr\/wp-json\/wp\/v2\/pages\/3901","targetHints":{"allow":["GET"]}}],"collection":[{"href":"https:\/\/family-advisor.com\/tr\/wp-json\/wp\/v2\/pages"}],"about":[{"href":"https:\/\/family-advisor.com\/tr\/wp-json\/wp\/v2\/types\/page"}],"author":[{"embeddable":true,"href":"https:\/\/family-advisor.com\/tr\/wp-json\/wp\/v2\/users\/1"}],"replies":[{"embeddable":true,"href":"https:\/\/family-advisor.com\/tr\/wp-json\/wp\/v2\/comments?post=3901"}],"version-history":[{"count":4,"href":"https:\/\/family-advisor.com\/tr\/wp-json\/wp\/v2\/pages\/3901\/revisions"}],"predecessor-version":[{"id":4012,"href":"https:\/\/family-advisor.com\/tr\/wp-json\/wp\/v2\/pages\/3901\/revisions\/4012"}],"up":[{"embeddable":true,"href":"https:\/\/family-advisor.com\/tr\/wp-json\/wp\/v2\/pages\/3898"}],"wp:attachment":[{"href":"https:\/\/family-advisor.com\/tr\/wp-json\/wp\/v2\/media?parent=3901"}],"curies":[{"name":"wp","href":"https:\/\/api.w.org\/{rel}","templated":true}]}}