{"id":3900,"date":"2022-04-09T14:10:28","date_gmt":"2022-04-09T14:10:28","guid":{"rendered":"https:\/\/family-advisor.com\/board-advisor\/board-performance-assessment-2\/"},"modified":"2022-12-12T16:34:35","modified_gmt":"2022-12-12T16:34:35","slug":"yonetim-kurulu-performans-degerlendirmesi","status":"publish","type":"page","link":"https:\/\/family-advisor.com\/tr\/yonetim-kurulu-danismani\/yonetim-kurulu-performans-degerlendirmesi\/","title":{"rendered":"Y\u00f6netim Kurulu Performans De\u011ferlendirmesi"},"content":{"rendered":"<p>[vc_row content_placement=&#8221;middle&#8221; css=&#8221;.vc_custom_1649513182591{margin-bottom: 80px !important;}&#8221;][vc_column][vc_btn title=&#8221;Hizmetlere geri d\u00f6n&#8221; align=&#8221;left&#8221; link=&#8221;url:https%3A%2F%2Ffamily-advisor.com%2Ftr%2Fyonetim-kurulu-danismani%2F|title:Y%C3%B6netim%20Kurulu%20Dan%C4%B1%C5%9Fman%C4%B1&#8243;][vc_empty_space][tt_vc_title_shortcode up_title=&#8221;Y\u00f6netim Kurulu Dan\u0131\u015fman\u0131&#8221;]Y\u00f6netim Kurulu Performans De\u011ferlendirmesi[\/tt_vc_title_shortcode][vc_single_image image=&#8221;3232&#8243; img_size=&#8221;full&#8221;][vc_column_text]Y\u00f6netim kurulu,\u201d \u015firketinizin beyni\u201d olarak performans\u0131nda en \u00f6nemli rol\u00fc oynar.<\/p>\n<p>Ama \u00f6nce d\u00fcr\u00fcst ve ba\u011f\u0131ms\u0131z olarak \u015funlar\u0131 olu\u015fturmal\u0131s\u0131n\u0131z: Y\u00f6netim kurulunuz \u201cger\u00e7ek\u201d bir kurul mu yoksa yaln\u0131zca \u201cformalite icab\u0131\u201d m\u0131?<\/p>\n<p>Aile \u015firketlerinin b\u00fcy\u00fck \u00e7o\u011funlu\u011fu \u00e7o\u011fu, bir y\u00f6netim kurulu olarak asgarisini yaparak \u201cicra kurulundan\u201d ayr\u0131 olmas\u0131 gereken bu organdan gelebilecek en \u00f6nemli yararlardan faydalanmazlar.<\/p>\n<p>Burada mevcut Kurulunuzun ger\u00e7ek performans\u0131n\u0131 de\u011ferlendirmenize ve onu her a\u00e7\u0131dan ileriye ta\u015f\u0131man\u0131za (yap\u0131s\u0131, misyonu, uygulamalar\u0131, g\u00fcndem belirleme, toplant\u0131 dinamikleri y\u00f6netimi, liderlik) yard\u0131mc\u0131 oluyorum \u2026<\/p>\n<p>Ara\u015ft\u0131rmalara g\u00f6re, do\u011fru bir \u015fekilde \u00f6z de\u011ferlendirme yapmak neredeyse imkans\u0131zd\u0131r. 30 y\u0131l\u0131 a\u015fk\u0131n deneyime dayanan, zaman i\u00e7inde test edilmi\u015f bir metodoloji kullanarak, kurulun mevcut g\u00fc\u00e7l\u00fc yanlar\u0131n\u0131n ve iyile\u015ftirme ihtiya\u00e7lar\u0131n\u0131n ger\u00e7ek bir de\u011ferlendirmesini yap\u0131yoruz.<\/p>\n<p>Bu, Ba\u015fkan\u0131n ve hissedarlar\u0131n y\u00f6netim kurullar\u0131na yeni bir dinamizm kazand\u0131rmalar\u0131na son derece yard\u0131mc\u0131 olmakta.[\/vc_column_text][\/vc_column][\/vc_row]<\/p>\n","protected":false},"excerpt":{"rendered":"<p>[vc_row content_placement=&#8221;middle&#8221; css=&#8221;.vc_custom_1649513182591{margin-bottom: 80px !important;}&#8221;][vc_column][vc_btn title=&#8221;Hizmetlere geri d\u00f6n&#8221; align=&#8221;left&#8221; link=&#8221;url:https%3A%2F%2Ffamily-advisor.com%2Ftr%2Fyonetim-kurulu-danismani%2F|title:Y%C3%B6netim%20Kurulu%20Dan%C4%B1%C5%9Fman%C4%B1&#8243;][vc_empty_space][tt_vc_title_shortcode up_title=&#8221;Y\u00f6netim Kurulu Dan\u0131\u015fman\u0131&#8221;]Y\u00f6netim Kurulu Performans De\u011ferlendirmesi[\/tt_vc_title_shortcode][vc_single_image image=&#8221;3232&#8243; img_size=&#8221;full&#8221;][vc_column_text]Y\u00f6netim kurulu,\u201d \u015firketinizin beyni\u201d olarak performans\u0131nda en \u00f6nemli rol\u00fc oynar. Ama \u00f6nce d\u00fcr\u00fcst ve ba\u011f\u0131ms\u0131z olarak \u015funlar\u0131 olu\u015fturmal\u0131s\u0131n\u0131z: Y\u00f6netim kurulunuz \u201cger\u00e7ek\u201d bir kurul mu yoksa yaln\u0131zca \u201cformalite icab\u0131\u201d m\u0131? Aile \u015firketlerinin b\u00fcy\u00fck \u00e7o\u011funlu\u011fu \u00e7o\u011fu, bir y\u00f6netim kurulu olarak [&hellip;]<\/p>\n","protected":false},"author":1,"featured_media":0,"parent":3898,"menu_order":0,"comment_status":"closed","ping_status":"closed","template":"","meta":{"_seopress_robots_primary_cat":"","_seopress_titles_title":"","_seopress_titles_desc":"","_seopress_robots_index":"","footnotes":""},"class_list":["post-3900","page","type-page","status-publish","hentry"],"_links":{"self":[{"href":"https:\/\/family-advisor.com\/tr\/wp-json\/wp\/v2\/pages\/3900","targetHints":{"allow":["GET"]}}],"collection":[{"href":"https:\/\/family-advisor.com\/tr\/wp-json\/wp\/v2\/pages"}],"about":[{"href":"https:\/\/family-advisor.com\/tr\/wp-json\/wp\/v2\/types\/page"}],"author":[{"embeddable":true,"href":"https:\/\/family-advisor.com\/tr\/wp-json\/wp\/v2\/users\/1"}],"replies":[{"embeddable":true,"href":"https:\/\/family-advisor.com\/tr\/wp-json\/wp\/v2\/comments?post=3900"}],"version-history":[{"count":4,"href":"https:\/\/family-advisor.com\/tr\/wp-json\/wp\/v2\/pages\/3900\/revisions"}],"predecessor-version":[{"id":4007,"href":"https:\/\/family-advisor.com\/tr\/wp-json\/wp\/v2\/pages\/3900\/revisions\/4007"}],"up":[{"embeddable":true,"href":"https:\/\/family-advisor.com\/tr\/wp-json\/wp\/v2\/pages\/3898"}],"wp:attachment":[{"href":"https:\/\/family-advisor.com\/tr\/wp-json\/wp\/v2\/media?parent=3900"}],"curies":[{"name":"wp","href":"https:\/\/api.w.org\/{rel}","templated":true}]}}