{"id":3899,"date":"2022-06-22T19:03:08","date_gmt":"2022-06-22T19:03:08","guid":{"rendered":"https:\/\/family-advisor.com\/board-advisor\/board-coaching\/"},"modified":"2022-12-12T16:39:06","modified_gmt":"2022-12-12T16:39:06","slug":"yonetim-kurulu-koclugu","status":"publish","type":"page","link":"https:\/\/family-advisor.com\/tr\/yonetim-kurulu-danismani\/yonetim-kurulu-koclugu\/","title":{"rendered":"Y\u00f6netim Kurulu Ko\u00e7lu\u011fu"},"content":{"rendered":"<p>[vc_row content_placement=&#8221;middle&#8221; css=&#8221;.vc_custom_1649513182591{margin-bottom: 80px !important;}&#8221;][vc_column][vc_btn title=&#8221;Hizmetlere geri d\u00f6n&#8221; align=&#8221;left&#8221; link=&#8221;url:https%3A%2F%2Ffamily-advisor.com%2Ftr%2Fyonetim-kurulu-danismani%2F|title:Y%C3%B6netim%20Kurulu%20Dan%C4%B1%C5%9Fman%C4%B1&#8243;][vc_empty_space][tt_vc_title_shortcode up_title=&#8221;Y\u00f6netim Kurulu Dan\u0131\u015fman\u0131&#8221;]Y\u00f6netim Kurulu Ko\u00e7lu\u011fu[\/tt_vc_title_shortcode][vc_single_image image=&#8221;3465&#8243; img_size=&#8221;full&#8221;][vc_column_text]Her y\u00f6netim kurulunun s\u00fcrekli olarak kendisini geli\u015ftirmesi gerekir. Akademik ara\u015ft\u0131rmalara g\u00f6re y\u00f6netim kurullar\u0131 \u015firket i\u015fleri ve operasyonel konular ile yo\u011fun olduklar\u0131ndan genellikle eksik kalmaktalar.<\/p>\n<p>D\u00fcnyan\u0131n d\u00f6rt bir yan\u0131ndaki aile \u015firketleri ile s\u00fcrekli olarak \u00e7al\u0131\u015fmalar\u0131m ve en ileri akademik ve ara\u015ft\u0131rma kurumlar\u0131yla (Harvard Business School&#8217;dan ba\u015flayarak) yapt\u0131\u011f\u0131m i\u015fbirli\u011fi sayesinde en iyi ve g\u00fcncel uygulamalar\u0131 m\u00fc\u015fterilerime kazand\u0131r\u0131p onlar\u0131n rekabetin \u00fcst\u00fcnde olmas\u0131na yard\u0131mc\u0131 olmaktay\u0131m[\/vc_column_text][\/vc_column][\/vc_row]<\/p>\n","protected":false},"excerpt":{"rendered":"<p>[vc_row content_placement=&#8221;middle&#8221; css=&#8221;.vc_custom_1649513182591{margin-bottom: 80px !important;}&#8221;][vc_column][vc_btn title=&#8221;Hizmetlere geri d\u00f6n&#8221; align=&#8221;left&#8221; link=&#8221;url:https%3A%2F%2Ffamily-advisor.com%2Ftr%2Fyonetim-kurulu-danismani%2F|title:Y%C3%B6netim%20Kurulu%20Dan%C4%B1%C5%9Fman%C4%B1&#8243;][vc_empty_space][tt_vc_title_shortcode up_title=&#8221;Y\u00f6netim Kurulu Dan\u0131\u015fman\u0131&#8221;]Y\u00f6netim Kurulu Ko\u00e7lu\u011fu[\/tt_vc_title_shortcode][vc_single_image image=&#8221;3465&#8243; img_size=&#8221;full&#8221;][vc_column_text]Her y\u00f6netim kurulunun s\u00fcrekli olarak kendisini geli\u015ftirmesi gerekir. Akademik ara\u015ft\u0131rmalara g\u00f6re y\u00f6netim kurullar\u0131 \u015firket i\u015fleri ve operasyonel konular ile yo\u011fun olduklar\u0131ndan genellikle eksik kalmaktalar. D\u00fcnyan\u0131n d\u00f6rt bir yan\u0131ndaki aile \u015firketleri ile s\u00fcrekli olarak \u00e7al\u0131\u015fmalar\u0131m ve en ileri akademik ve [&hellip;]<\/p>\n","protected":false},"author":1,"featured_media":0,"parent":3898,"menu_order":0,"comment_status":"closed","ping_status":"closed","template":"","meta":{"_seopress_robots_primary_cat":"","_seopress_titles_title":"","_seopress_titles_desc":"","_seopress_robots_index":"","footnotes":""},"class_list":["post-3899","page","type-page","status-publish","hentry"],"_links":{"self":[{"href":"https:\/\/family-advisor.com\/tr\/wp-json\/wp\/v2\/pages\/3899","targetHints":{"allow":["GET"]}}],"collection":[{"href":"https:\/\/family-advisor.com\/tr\/wp-json\/wp\/v2\/pages"}],"about":[{"href":"https:\/\/family-advisor.com\/tr\/wp-json\/wp\/v2\/types\/page"}],"author":[{"embeddable":true,"href":"https:\/\/family-advisor.com\/tr\/wp-json\/wp\/v2\/users\/1"}],"replies":[{"embeddable":true,"href":"https:\/\/family-advisor.com\/tr\/wp-json\/wp\/v2\/comments?post=3899"}],"version-history":[{"count":3,"href":"https:\/\/family-advisor.com\/tr\/wp-json\/wp\/v2\/pages\/3899\/revisions"}],"predecessor-version":[{"id":4009,"href":"https:\/\/family-advisor.com\/tr\/wp-json\/wp\/v2\/pages\/3899\/revisions\/4009"}],"up":[{"embeddable":true,"href":"https:\/\/family-advisor.com\/tr\/wp-json\/wp\/v2\/pages\/3898"}],"wp:attachment":[{"href":"https:\/\/family-advisor.com\/tr\/wp-json\/wp\/v2\/media?parent=3899"}],"curies":[{"name":"wp","href":"https:\/\/api.w.org\/{rel}","templated":true}]}}