{"id":3898,"date":"2022-04-09T13:37:38","date_gmt":"2022-04-09T13:37:38","guid":{"rendered":"https:\/\/family-advisor.com\/board-advisor\/"},"modified":"2023-03-19T10:33:18","modified_gmt":"2023-03-19T10:33:18","slug":"yonetim-kurulu-danismani","status":"publish","type":"page","link":"https:\/\/family-advisor.com\/tr\/yonetim-kurulu-danismani\/","title":{"rendered":"Y\u00f6netim Kurulu Dan\u0131\u015fman\u0131"},"content":{"rendered":"<p>[vc_row full_width=&#8221;stretch_row&#8221; el_class=&#8221;service-page service-list&#8221;][vc_column][tt_vc_title_shortcode up_title=&#8221;Ne yap\u0131yoruz&#8221;]Programlar[\/tt_vc_title_shortcode][vc_row_inner css=&#8221;.vc_custom_1651004277425{margin-top: 40px !important;}&#8221;][vc_column_inner width=&#8221;1\/4&#8243;][vc_single_image image=&#8221;3221&#8243; img_size=&#8221;full&#8221; alignment=&#8221;center&#8221; onclick=&#8221;custom_link&#8221;][vc_column_text]<\/p>\n<h3 style=\"text-align: center;\"><a href=\"https:\/\/family-advisor.com\/tr\/yonetim-kurulu-performans-degerlendirmesi\/\">Y\u00f6netim Kurulu Performans De\u011ferlendirmesi<\/a><\/h3>\n<p>[\/vc_column_text][\/vc_column_inner][vc_column_inner width=&#8221;1\/4&#8243;][vc_single_image image=&#8221;3429&#8243; img_size=&#8221;full&#8221; alignment=&#8221;center&#8221; onclick=&#8221;custom_link&#8221;][vc_column_text]<\/p>\n<h3 style=\"text-align: center;\"><a href=\"https:\/\/family-advisor.com\/tr\/yonetim-kurulu-danismani\/etkin-yonetim-kurulu-kurulup-isletme\/\">Etkin Y\u00f6netim Kurulu Kurulup \u0130\u015fletme<\/a><\/h3>\n<p>[\/vc_column_text][\/vc_column_inner][vc_column_inner width=&#8221;1\/4&#8243;][vc_single_image image=&#8221;3256&#8243; img_size=&#8221;full&#8221; alignment=&#8221;center&#8221; onclick=&#8221;custom_link&#8221;][vc_column_text]<\/p>\n<h3 style=\"text-align: center;\"><a href=\"https:\/\/family-advisor.com\/tr\/yonetim-kurulu-danismani\/bagimsiz-yonetim-kurulu-uyeligi\/\">Ba\u011f\u0131ms\u0131z Y\u00f6netim Kurulu \u00dcyeli\u011fi<\/a><\/h3>\n<p>[\/vc_column_text][\/vc_column_inner][vc_column_inner width=&#8221;1\/4&#8243;][vc_single_image image=&#8221;3430&#8243; img_size=&#8221;full&#8221; alignment=&#8221;center&#8221; onclick=&#8221;custom_link&#8221;][vc_column_text]<\/p>\n<h3 style=\"text-align: center;\"><a href=\"https:\/\/family-advisor.com\/tr\/yonetim-kurulu-danismani\/yonetim-kurulu-koclugu\/\">Y\u00f6netim Kurulu Ko\u00e7lu\u011fu<\/a><\/h3>\n<p>[\/vc_column_text][\/vc_column_inner][\/vc_row_inner][\/vc_column][\/vc_row][vc_row content_placement=&#8221;middle&#8221; css=&#8221;.vc_custom_1649512385848{margin-top: 50px !important;}&#8221;][vc_column][tt_vc_title_shortcode up_title=&#8221;Ne yap\u0131yoruz&#8221;]Y\u00f6netim Kurulu Dan\u0131\u015fman\u0131[\/tt_vc_title_shortcode][vc_column_text]<\/p>\n<h4>Dr. Haluk Alacakl\u0131o\u011flu; Y\u00f6netim Kurulu Dan\u0131\u015fman\u0131 ve Ba\u011f\u0131ms\u0131z \u00dcye:<\/h4>\n<p>[\/vc_column_text][\/vc_column][\/vc_row][vc_row content_placement=&#8221;middle&#8221; css=&#8221;.vc_custom_1649512385848{margin-top: 50px !important;}&#8221;][vc_column][vc_column_text]Harvard Business School MBA Honors (1983) ve AUL, London PHD in Governance (2007)<\/p>\n<p>Harvard Business School MBA ve AUL, Londra PHD in Governance 1989&#8217;dan beri Avrupa, Orta Do\u011fu ve ABD&#8217;de hem kamu hem de \u00f6zel \u015firketlerde y\u00f6netim ve y\u00f6netim kurulu dan\u0131\u015fmanl\u0131\u011f\u0131 yapmaktad\u0131r.<\/p>\n<p>OECD Kurumsal Y\u00f6neti\u015fim Kurallar\u0131n\u0131n revizyonu i\u00e7in y\u00f6nlendirme Komitesi \u00dcyesi<\/p>\n<p>D\u00fcnya \u00e7ap\u0131nda y\u00fczlerce \u015firketle aile \u015firketi ve kurumsal y\u00f6netim dan\u0131\u015fmanl\u0131\u011f\u0131<\/p>\n<p>Kurumsal Y\u00f6netim Derne\u011fi (TKYD) Kurucu Ba\u015fkan\u0131 ve dan\u0131\u015fma kurulu \u00fcyesi<\/p>\n<p>Y\u00f6netim Kurulu \u00dcyeleri Derne\u011fi (Y\u00dcD) Kurucu Ba\u015fkan\u0131<\/p>\n<p>ABD&#8217;de seminerler ve \u00e7al\u0131\u015ftaylar: Kanada, \u0130svi\u00e7re, \u0130spanya, \u0130ngiltere, \u00dcrd\u00fcn, Dubai, Abu Dabi, Suudi Arabistan, G\u00fcney Afrika, Hindistan, Katar, Bel\u00e7ika, Hollanda ve T\u00fcrkiye.<\/p>\n<h4>Baz\u0131 se\u00e7ilmi\u015f \u00f6rnek vaka ve \u00e7al\u0131\u015fma \u00f6rnekleri:<\/h4>\n<p>Hollandal\u0131-Amerikal\u0131 bir grup i\u00e7in daha iyi y\u00f6neti\u015fim uygulamalar\u0131 i\u00e7in dan\u0131\u015fma kurulu.<\/p>\n<p>Hem Avrupa hem de ABD de faal bir aile grubuna ad\u0131m ad\u0131m etkin kurumsal y\u00f6netim ve ba\u011f\u0131ms\u0131z y\u00f6netim kurulu \u00e7al\u0131\u015fmas\u0131 ile y\u00f6n verip sonra da ba\u011f\u0131ms\u0131z \u00fcye olarak destek olma<\/p>\n<p>B\u00fcy\u00fck bir end\u00fcstriyel grupla daha iyi y\u00f6neti\u015fim s\u00fcre\u00e7leri ve uygulamalar\u0131 olu\u015fturma<\/p>\n<p>\u015eirketler i\u00e7in d\u00fcnya \u00e7ap\u0131nda bir\u00e7ok \u201cba\u011f\u0131ms\u0131z\u201d y\u00f6netim kurulu \u00fcyesinin aranmas\u0131 ve i\u015fe al\u0131nmas\u0131 (d\u00fcnya \u00e7ap\u0131nda lider bir dan\u0131\u015fmanl\u0131k firmas\u0131n\u0131n Y\u00f6netici Orta\u011f\u0131 olarak 10 y\u0131ll\u0131k \u00e7al\u0131\u015fma). Bu s\u00fcrede y\u00fczlerce uluslararas\u0131 \u015firkete dan\u0131\u015fmanl\u0131k<\/p>\n<p>Halka a\u00e7\u0131lma s\u00fcrecinde bir yat\u0131r\u0131m sermaye ortakl\u0131 bir aile \u015firketine etkin y\u00f6netim kurulu uygulamalar\u0131 olu\u015fturma[\/vc_column_text][\/vc_column][\/vc_row]<\/p>\n","protected":false},"excerpt":{"rendered":"<p>[vc_row full_width=&#8221;stretch_row&#8221; el_class=&#8221;service-page service-list&#8221;][vc_column][tt_vc_title_shortcode up_title=&#8221;Ne yap\u0131yoruz&#8221;]Programlar[\/tt_vc_title_shortcode][vc_row_inner css=&#8221;.vc_custom_1651004277425{margin-top: 40px !important;}&#8221;][vc_column_inner width=&#8221;1\/4&#8243;][vc_single_image image=&#8221;3221&#8243; img_size=&#8221;full&#8221; alignment=&#8221;center&#8221; onclick=&#8221;custom_link&#8221;][vc_column_text] Y\u00f6netim Kurulu Performans De\u011ferlendirmesi [\/vc_column_text][\/vc_column_inner][vc_column_inner width=&#8221;1\/4&#8243;][vc_single_image image=&#8221;3429&#8243; img_size=&#8221;full&#8221; alignment=&#8221;center&#8221; onclick=&#8221;custom_link&#8221;][vc_column_text] Etkin Y\u00f6netim Kurulu Kurulup \u0130\u015fletme [\/vc_column_text][\/vc_column_inner][vc_column_inner width=&#8221;1\/4&#8243;][vc_single_image image=&#8221;3256&#8243; img_size=&#8221;full&#8221; alignment=&#8221;center&#8221; onclick=&#8221;custom_link&#8221;][vc_column_text] Ba\u011f\u0131ms\u0131z Y\u00f6netim Kurulu \u00dcyeli\u011fi [\/vc_column_text][\/vc_column_inner][vc_column_inner width=&#8221;1\/4&#8243;][vc_single_image image=&#8221;3430&#8243; img_size=&#8221;full&#8221; alignment=&#8221;center&#8221; onclick=&#8221;custom_link&#8221;][vc_column_text] Y\u00f6netim Kurulu Ko\u00e7lu\u011fu [\/vc_column_text][\/vc_column_inner][\/vc_row_inner][\/vc_column][\/vc_row][vc_row content_placement=&#8221;middle&#8221; css=&#8221;.vc_custom_1649512385848{margin-top: 50px !important;}&#8221;][vc_column][tt_vc_title_shortcode up_title=&#8221;Ne yap\u0131yoruz&#8221;]Y\u00f6netim [&hellip;]<\/p>\n","protected":false},"author":1,"featured_media":0,"parent":0,"menu_order":0,"comment_status":"closed","ping_status":"closed","template":"","meta":{"_seopress_robots_primary_cat":"","_seopress_titles_title":"","_seopress_titles_desc":"","_seopress_robots_index":"","footnotes":""},"class_list":["post-3898","page","type-page","status-publish","hentry"],"_links":{"self":[{"href":"https:\/\/family-advisor.com\/tr\/wp-json\/wp\/v2\/pages\/3898","targetHints":{"allow":["GET"]}}],"collection":[{"href":"https:\/\/family-advisor.com\/tr\/wp-json\/wp\/v2\/pages"}],"about":[{"href":"https:\/\/family-advisor.com\/tr\/wp-json\/wp\/v2\/types\/page"}],"author":[{"embeddable":true,"href":"https:\/\/family-advisor.com\/tr\/wp-json\/wp\/v2\/users\/1"}],"replies":[{"embeddable":true,"href":"https:\/\/family-advisor.com\/tr\/wp-json\/wp\/v2\/comments?post=3898"}],"version-history":[{"count":7,"href":"https:\/\/family-advisor.com\/tr\/wp-json\/wp\/v2\/pages\/3898\/revisions"}],"predecessor-version":[{"id":4176,"href":"https:\/\/family-advisor.com\/tr\/wp-json\/wp\/v2\/pages\/3898\/revisions\/4176"}],"wp:attachment":[{"href":"https:\/\/family-advisor.com\/tr\/wp-json\/wp\/v2\/media?parent=3898"}],"curies":[{"name":"wp","href":"https:\/\/api.w.org\/{rel}","templated":true}]}}