{"id":3887,"date":"2022-07-18T17:51:12","date_gmt":"2022-07-18T17:51:12","guid":{"rendered":"https:\/\/family-advisor.com\/establishing-shareholder-agreement-principles\/"},"modified":"2022-11-20T15:18:15","modified_gmt":"2022-11-20T15:18:15","slug":"hissedarlik-sozlesmesi-ilkelerinin-olusturulmasi","status":"publish","type":"page","link":"https:\/\/family-advisor.com\/tr\/aile-sirketi-danismani\/hissedarlik-sozlesmesi-ilkelerinin-olusturulmasi\/","title":{"rendered":"Hissedarl\u0131k S\u00f6zle\u015fmesi \u0130lkelerinin Olu\u015fturulmas\u0131"},"content":{"rendered":"<p>[vc_row content_placement=&#8221;middle&#8221; css=&#8221;.vc_custom_1649513182591{margin-bottom: 80px !important;}&#8221;][vc_column][vc_btn title=&#8221;Hizmetlere geri d\u00f6n&#8221; align=&#8221;left&#8221; link=&#8221;url:https%3A%2F%2Ffamily-advisor.com%2Ftr%2Faile-sirketi-danismani%2F|title:Aile%20%C5%9Eirketi%20Dan%C4%B1%C5%9Fman%C4%B1&#8243;][vc_empty_space][tt_vc_title_shortcode up_title=&#8221;Aile \u015eirketi Dan\u0131\u015fman\u0131&#8221;]Hissedarl\u0131k S\u00f6zle\u015fmesi \u0130lkelerinin Olu\u015fturulmas\u0131[\/tt_vc_title_shortcode][vc_single_image image=&#8221;3623&#8243; img_size=&#8221;full&#8221;][vc_column_text]Bir \u201cHissedarlar veya Sahipler S\u00f6zle\u015fmesi\u201d haz\u0131rlamak, herhangi bir kanuni yarg\u0131 b\u00f6lgesinde aile \u015firketi protokollerinin yasal olarak en ba\u011flay\u0131c\u0131 belgelerinden biridir. Bir aile \u015firketinin hayat\u0131nda herhangi bir zamanda ortaya \u00e7\u0131kabilecek bir dizi konuyu a\u00e7\u0131kl\u0131\u011fa kavu\u015fturmak i\u00e7in, tercihen <strong>kurucular hala hayattayken en erken zamanda yap\u0131lmal\u0131d\u0131r<\/strong>: Hissedarl\u0131k, hisselerin devri ilkeleri, al\u0131m-sat\u0131m s\u00f6zle\u015fmeleri, hisselerin aile d\u0131\u015f\u0131 yabanc\u0131lara devredilmesinde olas\u0131 k\u0131s\u0131tlamalar, hisse fiyat\u0131n\u0131n de\u011ferlendirilmesi (halka a\u00e7\u0131k olmayanlar i\u00e7in) ve di\u011fer hissedarl\u0131k konular\u0131\u2026<\/p>\n<p>Bu problemler t\u00fcm politikalar\u0131n potansiyel olarak en \u00e7ok ki\u015fisel \u00e7\u0131karlara dokunanlar\u0131d\u0131r.<\/p>\n<p>Bu t\u00fcr y\u00fczlerce anla\u015fmadan edindi\u011fimiz tecr\u00fcbeye dayanarak en iyi yol, \u00f6ncelikle bunlar\u0131 deneyimli bir aile \u015firketi dan\u0131\u015fman\u0131 e\u015fli\u011finde bir Aile \u015eirket Anayasas\u0131 kapsam\u0131nda \u201cmutab\u0131k kal\u0131nan ilkeler\u201d olarak haz\u0131rlamakt\u0131r.<\/p>\n<p>Ard\u0131ndan, bu \u201cfikir birli\u011fince kabul edilen ilkeler\u201d in uygun yarg\u0131 alan\u0131n\u0131n yasal jargonunda form\u00fcle edilmesi kolayca ve uzun s\u00fcre\u00e7lere maruz kalmadan sa\u011flanabilir. Bu \u015fekilde t\u00fcm aile \u00fcyeleri konular\u0131, bu anla\u015fma \u00e7ok teknik bir hukuki terminolojiye d\u00f6n\u00fc\u015fmeden \u00f6nce a\u00e7\u0131k\u00e7a anlarlar.<\/p>\n<p>M\u00fc\u015fterilerimle ba\u015farmay\u0131 hedefledi\u011fim \u015fey budur.<\/p>\n<p>K\u0131sa bir belgede, bu hayati politikan\u0131n ana ilkelerini a\u00e7\u0131k ve anla\u015f\u0131l\u0131r terimlerle \u00f6zetliyoruz, yukar\u0131da ana hatlar\u0131yla verilen t\u00fcm sorular\u0131 ve daha fazlas\u0131n\u0131 yan\u0131tl\u0131yoruz.[\/vc_column_text][\/vc_column][\/vc_row]<\/p>\n","protected":false},"excerpt":{"rendered":"<p>[vc_row content_placement=&#8221;middle&#8221; css=&#8221;.vc_custom_1649513182591{margin-bottom: 80px !important;}&#8221;][vc_column][vc_btn title=&#8221;Hizmetlere geri d\u00f6n&#8221; align=&#8221;left&#8221; link=&#8221;url:https%3A%2F%2Ffamily-advisor.com%2Ftr%2Faile-sirketi-danismani%2F|title:Aile%20%C5%9Eirketi%20Dan%C4%B1%C5%9Fman%C4%B1&#8243;][vc_empty_space][tt_vc_title_shortcode up_title=&#8221;Aile \u015eirketi Dan\u0131\u015fman\u0131&#8221;]Hissedarl\u0131k S\u00f6zle\u015fmesi \u0130lkelerinin Olu\u015fturulmas\u0131[\/tt_vc_title_shortcode][vc_single_image image=&#8221;3623&#8243; img_size=&#8221;full&#8221;][vc_column_text]Bir \u201cHissedarlar veya Sahipler S\u00f6zle\u015fmesi\u201d haz\u0131rlamak, herhangi bir kanuni yarg\u0131 b\u00f6lgesinde aile \u015firketi protokollerinin yasal olarak en ba\u011flay\u0131c\u0131 belgelerinden biridir. Bir aile \u015firketinin hayat\u0131nda herhangi bir zamanda ortaya \u00e7\u0131kabilecek bir dizi konuyu a\u00e7\u0131kl\u0131\u011fa kavu\u015fturmak i\u00e7in, tercihen kurucular hala [&hellip;]<\/p>\n","protected":false},"author":1,"featured_media":0,"parent":3908,"menu_order":0,"comment_status":"closed","ping_status":"closed","template":"","meta":{"_seopress_robots_primary_cat":"","_seopress_titles_title":"","_seopress_titles_desc":"","_seopress_robots_index":"","footnotes":""},"class_list":["post-3887","page","type-page","status-publish","hentry"],"_links":{"self":[{"href":"https:\/\/family-advisor.com\/tr\/wp-json\/wp\/v2\/pages\/3887","targetHints":{"allow":["GET"]}}],"collection":[{"href":"https:\/\/family-advisor.com\/tr\/wp-json\/wp\/v2\/pages"}],"about":[{"href":"https:\/\/family-advisor.com\/tr\/wp-json\/wp\/v2\/types\/page"}],"author":[{"embeddable":true,"href":"https:\/\/family-advisor.com\/tr\/wp-json\/wp\/v2\/users\/1"}],"replies":[{"embeddable":true,"href":"https:\/\/family-advisor.com\/tr\/wp-json\/wp\/v2\/comments?post=3887"}],"version-history":[{"count":3,"href":"https:\/\/family-advisor.com\/tr\/wp-json\/wp\/v2\/pages\/3887\/revisions"}],"predecessor-version":[{"id":3964,"href":"https:\/\/family-advisor.com\/tr\/wp-json\/wp\/v2\/pages\/3887\/revisions\/3964"}],"up":[{"embeddable":true,"href":"https:\/\/family-advisor.com\/tr\/wp-json\/wp\/v2\/pages\/3908"}],"wp:attachment":[{"href":"https:\/\/family-advisor.com\/tr\/wp-json\/wp\/v2\/media?parent=3887"}],"curies":[{"name":"wp","href":"https:\/\/api.w.org\/{rel}","templated":true}]}}