{"id":3885,"date":"2022-07-18T17:51:46","date_gmt":"2022-07-18T17:51:46","guid":{"rendered":"https:\/\/family-advisor.com\/devising-a-fair-compensation-system-for-family-members\/"},"modified":"2022-11-20T15:17:00","modified_gmt":"2022-11-20T15:17:00","slug":"aile-bireyleri-ve-sirket-icin-adil-bir-odullendirme-ve-dagitim-sistemi-olusturma","status":"publish","type":"page","link":"https:\/\/family-advisor.com\/tr\/aile-sirketi-danismani\/aile-bireyleri-ve-sirket-icin-adil-bir-odullendirme-ve-dagitim-sistemi-olusturma\/","title":{"rendered":"Aile Bireyleri ve \u015eirket \u0130\u00e7in Adil Bir \u201c\u00d6d\u00fcllendirme ve Da\u011f\u0131t\u0131m Sistemi\u201d Olu\u015fturma"},"content":{"rendered":"<p>[vc_row content_placement=&#8221;middle&#8221; css=&#8221;.vc_custom_1649513182591{margin-bottom: 80px !important;}&#8221;][vc_column][vc_btn title=&#8221;Hizmetlere geri d\u00f6n&#8221; align=&#8221;left&#8221; link=&#8221;url:https%3A%2F%2Ffamily-advisor.com%2Ftr%2Faile-sirketi-danismani%2F|title:Aile%20%C5%9Eirketi%20Dan%C4%B1%C5%9Fman%C4%B1&#8243;][vc_empty_space][tt_vc_title_shortcode up_title=&#8221;Aile \u015eirketi Dan\u0131\u015fman\u0131&#8221;]Aile Bireyleri ve \u015eirket \u0130\u00e7in Adil Bir \u201c\u00d6d\u00fcllendirme ve Da\u011f\u0131t\u0131m Sistemi\u201d Olu\u015fturma[\/tt_vc_title_shortcode][vc_single_image image=&#8221;3626&#8243; img_size=&#8221;full&#8221;][vc_column_text]Bu muhtemelen aile \u015firketlerinin en ka\u00e7\u0131n\u0131lan sorun alanlar\u0131ndan biridir! \u00c7eki\u015fmeler, k\u0131skan\u00e7l\u0131k, \u00e7\u0131kar \u00e7at\u0131\u015fmalar\u0131, adaletsizlik, aile ili\u015fkilerine zarar verme ve daha da k\u00f6t\u00fcs\u00fc, i\u015fe zarar verme sorunlar\u0131, i\u015fin i\u00e7indeki ve d\u0131\u015f\u0131ndaki aile \u00fcyelerinin \u00f6d\u00fcllendirilmelerinde geli\u015fig\u00fczel ve haks\u0131z uygulamalardan kaynaklanabilir. Bu konuda bir dizi ara\u015ft\u0131rma var.<\/p>\n<p>Adil ve s\u00fcrd\u00fcr\u00fclebilir bir \u00fccretlendirme sistemi kurmak, \u00e7o\u011fu aile \u015firketi liderinin yanl\u0131\u015f bir \u015fekilde varsayd\u0131\u011f\u0131 gibi, t\u00fcm aile \u00fcyeleri i\u00e7in \u201ce\u015fitlik\u201d anlam\u0131na gelmeyebilir! Ba\u015far\u0131l\u0131 bir i\u015f, iyi kurulmu\u015f &#8220;performansa dayal\u0131&#8221; bir izleme ve \u00f6d\u00fcllendirme sistemi gerektirir. Ancak bir ailenin kendi \u00fcyelerinin ger\u00e7ek performans\u0131n\u0131 ve katk\u0131s\u0131n\u0131 tarafs\u0131z ve do\u011fru olarak de\u011ferlendirmesi pratikte imkans\u0131zd\u0131r.<\/p>\n<p>Uzun vadede hem aile bireylerinin sistemden adil bir \u015fekilde \u00f6d\u00fcllendirilmeleri i\u00e7in hem de ayn\u0131 zamanda ortak \u00e7\u0131karlar\u0131 olan \u015firketlerinin korunmas\u0131 i\u00e7in gerekli sistem ve y\u00f6ntemleri olu\u015fturmaktay\u0131m. Bunlar\u0131 yaparken yaln\u0131zca kurumsalla\u015fma deneyimlerimi de\u011fil daha \u00f6nceki 10 y\u0131ll\u0131k uluslararas\u0131 stratejik y\u00f6netici kaynaklar\u0131 dan\u0131\u015fmanl\u0131k deneyimlerimi de kullanmaktay\u0131m.[\/vc_column_text][\/vc_column][\/vc_row]<\/p>\n","protected":false},"excerpt":{"rendered":"<p>[vc_row content_placement=&#8221;middle&#8221; css=&#8221;.vc_custom_1649513182591{margin-bottom: 80px !important;}&#8221;][vc_column][vc_btn title=&#8221;Hizmetlere geri d\u00f6n&#8221; align=&#8221;left&#8221; link=&#8221;url:https%3A%2F%2Ffamily-advisor.com%2Ftr%2Faile-sirketi-danismani%2F|title:Aile%20%C5%9Eirketi%20Dan%C4%B1%C5%9Fman%C4%B1&#8243;][vc_empty_space][tt_vc_title_shortcode up_title=&#8221;Aile \u015eirketi Dan\u0131\u015fman\u0131&#8221;]Aile Bireyleri ve \u015eirket \u0130\u00e7in Adil Bir \u201c\u00d6d\u00fcllendirme ve Da\u011f\u0131t\u0131m Sistemi\u201d Olu\u015fturma[\/tt_vc_title_shortcode][vc_single_image image=&#8221;3626&#8243; img_size=&#8221;full&#8221;][vc_column_text]Bu muhtemelen aile \u015firketlerinin en ka\u00e7\u0131n\u0131lan sorun alanlar\u0131ndan biridir! \u00c7eki\u015fmeler, k\u0131skan\u00e7l\u0131k, \u00e7\u0131kar \u00e7at\u0131\u015fmalar\u0131, adaletsizlik, aile ili\u015fkilerine zarar verme ve daha da k\u00f6t\u00fcs\u00fc, i\u015fe zarar verme sorunlar\u0131, i\u015fin i\u00e7indeki ve d\u0131\u015f\u0131ndaki [&hellip;]<\/p>\n","protected":false},"author":1,"featured_media":0,"parent":3908,"menu_order":0,"comment_status":"closed","ping_status":"closed","template":"","meta":{"_seopress_robots_primary_cat":"","_seopress_titles_title":"","_seopress_titles_desc":"","_seopress_robots_index":"","footnotes":""},"class_list":["post-3885","page","type-page","status-publish","hentry"],"_links":{"self":[{"href":"https:\/\/family-advisor.com\/tr\/wp-json\/wp\/v2\/pages\/3885","targetHints":{"allow":["GET"]}}],"collection":[{"href":"https:\/\/family-advisor.com\/tr\/wp-json\/wp\/v2\/pages"}],"about":[{"href":"https:\/\/family-advisor.com\/tr\/wp-json\/wp\/v2\/types\/page"}],"author":[{"embeddable":true,"href":"https:\/\/family-advisor.com\/tr\/wp-json\/wp\/v2\/users\/1"}],"replies":[{"embeddable":true,"href":"https:\/\/family-advisor.com\/tr\/wp-json\/wp\/v2\/comments?post=3885"}],"version-history":[{"count":2,"href":"https:\/\/family-advisor.com\/tr\/wp-json\/wp\/v2\/pages\/3885\/revisions"}],"predecessor-version":[{"id":3961,"href":"https:\/\/family-advisor.com\/tr\/wp-json\/wp\/v2\/pages\/3885\/revisions\/3961"}],"up":[{"embeddable":true,"href":"https:\/\/family-advisor.com\/tr\/wp-json\/wp\/v2\/pages\/3908"}],"wp:attachment":[{"href":"https:\/\/family-advisor.com\/tr\/wp-json\/wp\/v2\/media?parent=3885"}],"curies":[{"name":"wp","href":"https:\/\/api.w.org\/{rel}","templated":true}]}}