{"id":3883,"date":"2022-07-18T17:49:31","date_gmt":"2022-07-18T17:49:31","guid":{"rendered":"https:\/\/family-advisor.com\/applicable-succession-planning-for-younger-generations\/"},"modified":"2022-11-20T15:17:56","modified_gmt":"2022-11-20T15:17:56","slug":"genc-nesiller-icin-uygulanabilir-devir-planlamasi-ve-kocluk","status":"publish","type":"page","link":"https:\/\/family-advisor.com\/tr\/aile-sirketi-danismani\/genc-nesiller-icin-uygulanabilir-devir-planlamasi-ve-kocluk\/","title":{"rendered":"GEN\u00c7 NES\u0130LLER \u0130\u00c7\u0130N UYGULANAB\u0130L\u0130R DEV\u0130R PLANLAMASI VE KO\u00c7LUK"},"content":{"rendered":"<p>[vc_row content_placement=&#8221;middle&#8221; css=&#8221;.vc_custom_1649513182591{margin-bottom: 80px !important;}&#8221;][vc_column][vc_btn title=&#8221;Hizmetlere geri d\u00f6n&#8221; align=&#8221;left&#8221; link=&#8221;url:https%3A%2F%2Ffamily-advisor.com%2Ftr%2Faile-sirketi-danismani%2F&#8221;][vc_empty_space][tt_vc_title_shortcode up_title=&#8221;Aile \u015eirketi Dan\u0131\u015fman\u0131&#8221;]GEN\u00c7 NES\u0130LLER \u0130\u00c7\u0130N UYGULANAB\u0130L\u0130R DEV\u0130R PLANLAMASI VE KO\u00c7LUK[\/tt_vc_title_shortcode][vc_single_image image=&#8221;3619&#8243; img_size=&#8221;full&#8221;][vc_column_text]Ara\u015ft\u0131rmalar bize bir aile \u015firketinin hayatta kalmas\u0131ndaki ba\u015far\u0131n\u0131n en az %60&#8217;\u0131n\u0131n, yeni nesil sahiplerin aile \u015firketinin emanet\u00e7ileri olarak devralmas\u0131 i\u00e7in uygulanabilir ve pratik bir plana ba\u011fl\u0131 oldu\u011funu s\u00f6yl\u00fcyor.<\/p>\n<p>Bunu s\u00f6ylemek yapmaktan daha kolay.<\/p>\n<p>Genellikle aile \u015firketlerinin \u015fu anki liderleri ya i\u015fletmelerini y\u00f6netmekle \u00e7ok me\u015fguller ya da gelecek nesillerle, onlar\u0131 sorumluluklar\u0131n\u0131 \u00fcstlenecek \u015fekilde yeti\u015ftirmek i\u00e7in ileti\u015fim sorunlar\u0131 ya\u015f\u0131yorlar. Korumac\u0131l\u0131k, duygusal bagaj, isteksizlik, ku\u015fak fark\u0131 ve benzerleri, liderlerin do\u011fru devir planlamas\u0131 yapmas\u0131n\u0131 engeller.<\/p>\n<p>Bu y\u00fczden \u00e7o\u011fu aile i\u015fletmesi mevcut sahipleriyle sona erer.<\/p>\n<p>Bu ka\u00e7\u0131n\u0131lmaz de\u011fil.<\/p>\n<p>Aileyle tarafs\u0131zca yol g\u00f6stererek gerekli senaryolar\u0131 ile uygulanabilir bir devir plan\u0131 haz\u0131rlamalar\u0131n\u0131 sa\u011fl\u0131yor ve gen\u00e7 nesil \u00fcyelerine ama\u00e7lar\u0131na ula\u015fmalar\u0131 i\u00e7in ko\u00e7luk yap\u0131yorum.[\/vc_column_text][\/vc_column][\/vc_row]<\/p>\n","protected":false},"excerpt":{"rendered":"<p>[vc_row content_placement=&#8221;middle&#8221; css=&#8221;.vc_custom_1649513182591{margin-bottom: 80px !important;}&#8221;][vc_column][vc_btn title=&#8221;Hizmetlere geri d\u00f6n&#8221; align=&#8221;left&#8221; link=&#8221;url:https%3A%2F%2Ffamily-advisor.com%2Ftr%2Faile-sirketi-danismani%2F&#8221;][vc_empty_space][tt_vc_title_shortcode up_title=&#8221;Aile \u015eirketi Dan\u0131\u015fman\u0131&#8221;]GEN\u00c7 NES\u0130LLER \u0130\u00c7\u0130N UYGULANAB\u0130L\u0130R DEV\u0130R PLANLAMASI VE KO\u00c7LUK[\/tt_vc_title_shortcode][vc_single_image image=&#8221;3619&#8243; img_size=&#8221;full&#8221;][vc_column_text]Ara\u015ft\u0131rmalar bize bir aile \u015firketinin hayatta kalmas\u0131ndaki ba\u015far\u0131n\u0131n en az %60&#8217;\u0131n\u0131n, yeni nesil sahiplerin aile \u015firketinin emanet\u00e7ileri olarak devralmas\u0131 i\u00e7in uygulanabilir ve pratik bir plana ba\u011fl\u0131 oldu\u011funu s\u00f6yl\u00fcyor. Bunu s\u00f6ylemek yapmaktan daha kolay. Genellikle [&hellip;]<\/p>\n","protected":false},"author":1,"featured_media":0,"parent":3908,"menu_order":0,"comment_status":"closed","ping_status":"closed","template":"","meta":{"_seopress_robots_primary_cat":"","_seopress_titles_title":"","_seopress_titles_desc":"","_seopress_robots_index":"","footnotes":""},"class_list":["post-3883","page","type-page","status-publish","hentry"],"_links":{"self":[{"href":"https:\/\/family-advisor.com\/tr\/wp-json\/wp\/v2\/pages\/3883","targetHints":{"allow":["GET"]}}],"collection":[{"href":"https:\/\/family-advisor.com\/tr\/wp-json\/wp\/v2\/pages"}],"about":[{"href":"https:\/\/family-advisor.com\/tr\/wp-json\/wp\/v2\/types\/page"}],"author":[{"embeddable":true,"href":"https:\/\/family-advisor.com\/tr\/wp-json\/wp\/v2\/users\/1"}],"replies":[{"embeddable":true,"href":"https:\/\/family-advisor.com\/tr\/wp-json\/wp\/v2\/comments?post=3883"}],"version-history":[{"count":3,"href":"https:\/\/family-advisor.com\/tr\/wp-json\/wp\/v2\/pages\/3883\/revisions"}],"predecessor-version":[{"id":3963,"href":"https:\/\/family-advisor.com\/tr\/wp-json\/wp\/v2\/pages\/3883\/revisions\/3963"}],"up":[{"embeddable":true,"href":"https:\/\/family-advisor.com\/tr\/wp-json\/wp\/v2\/pages\/3908"}],"wp:attachment":[{"href":"https:\/\/family-advisor.com\/tr\/wp-json\/wp\/v2\/media?parent=3883"}],"curies":[{"name":"wp","href":"https:\/\/api.w.org\/{rel}","templated":true}]}}