{"id":3875,"date":"2022-11-20T12:20:09","date_gmt":"2022-11-20T12:20:09","guid":{"rendered":"https:\/\/family-advisor.com\/?page_id=3875"},"modified":"2023-03-11T19:51:54","modified_gmt":"2023-03-11T19:51:54","slug":"anasayfa","status":"publish","type":"page","link":"https:\/\/family-advisor.com\/tr\/","title":{"rendered":"Anasayfa"},"content":{"rendered":"<p>[vc_row][vc_column]\n\t\t\t<!-- START slider4 tr REVOLUTION SLIDER 6.5.5 --><p class=\"rs-p-wp-fix\"><\/p>\n\t\t\t<rs-module-wrap id=\"rev_slider_6_1_wrapper\" data-source=\"gallery\" style=\"visibility:hidden;background:transparent;padding:0;margin:0px auto;margin-top:0;margin-bottom:0;\">\n\t\t\t\t<rs-module id=\"rev_slider_6_1\" style=\"\" data-version=\"6.5.5\">\n\t\t\t\t\t<rs-slides>\n\t\t\t\t\t\t<rs-slide style=\"position: absolute;\" data-key=\"rs-18\" data-title=\"Slide\" data-thumb=\"\/\/family-advisor.com\/wp-content\/uploads\/2022\/06\/haluk-alacaklioglu-slider-100x50.jpg\" data-duration=\"15410ms\" data-in=\"o:0;\" data-out=\"a:false;\">\n\t\t\t\t\t\t\t<img fetchpriority=\"high\" decoding=\"async\" src=\"\/\/family-advisor.com\/wp-content\/plugins\/revslider\/public\/assets\/assets\/dummy.png\" title=\"haluk-alacaklioglu-slider\" width=\"1240\" height=\"620\" class=\"rev-slidebg tp-rs-img rs-lazyload\" data-lazyload=\"\/\/family-advisor.com\/wp-content\/uploads\/2022\/06\/haluk-alacaklioglu-slider.jpg\" data-no-retina>\n<!--\n\t\t\t\t\t\t\t--><rs-layer\n\t\t\t\t\t\t\t\tid=\"slider-6-slide-18-layer-0\" \n\t\t\t\t\t\t\t\tdata-type=\"shape\"\n\t\t\t\t\t\t\t\tdata-rsp_ch=\"on\"\n\t\t\t\t\t\t\t\tdata-xy=\"xo:40px,33px,105px,-12px;yo:160px,132px,86px,110px;\"\n\t\t\t\t\t\t\t\tdata-text=\"w:normal;s:20,16,12,7;l:0,20,15,9;\"\n\t\t\t\t\t\t\t\tdata-dim=\"w:690px,569px,600px,500px;h:338,279,300px,300px;\"\n\t\t\t\t\t\t\t\tdata-frame_999=\"o:0;st:w;sR:15110;\"\n\t\t\t\t\t\t\t\tstyle=\"z-index:8;background-color:rgba(0,0,0,0.15);\"\n\t\t\t\t\t\t\t> \n\t\t\t\t\t\t\t<\/rs-layer><!--\n\n\t\t\t\t\t\t\t--><rs-layer\n\t\t\t\t\t\t\t\tid=\"slider-6-slide-18-layer-3\" \n\t\t\t\t\t\t\t\tdata-type=\"text\"\n\t\t\t\t\t\t\t\tdata-color=\"rgba(255, 255, 255, 1)\"\n\t\t\t\t\t\t\t\tdata-rsp_ch=\"on\"\n\t\t\t\t\t\t\t\tdata-xy=\"x:l,l,c,c;xo:63px,60px,0,-1px;y:m;yo:-100px,-70px,-105px,-72px;\"\n\t\t\t\t\t\t\t\tdata-text=\"s:55,55,45,35;l:65,65,50,38;fw:600,600,700,700;a:inherit,inherit,center,center;\"\n\t\t\t\t\t\t\t\tdata-dim=\"w:auto,auto,auto,448px;h:auto,auto,auto,78px;\"\n\t\t\t\t\t\t\t\tdata-frame_0=\"y:-50px;\"\n\t\t\t\t\t\t\t\tdata-frame_1=\"st:840;sp:1130;sR:840;\"\n\t\t\t\t\t\t\t\tdata-frame_999=\"o:0;st:15000;sR:13030;\"\n\t\t\t\t\t\t\t\tstyle=\"z-index:9;font-family:'Poppins';\"\n\t\t\t\t\t\t\t>Hakk\u0131mda \n\t\t\t\t\t\t\t<\/rs-layer><!--\n\n\t\t\t\t\t\t\t--><rs-layer\n\t\t\t\t\t\t\t\tid=\"slider-6-slide-18-layer-4\" \n\t\t\t\t\t\t\t\tdata-type=\"text\"\n\t\t\t\t\t\t\t\tdata-color=\"rgba(255, 255, 255, 1)\"\n\t\t\t\t\t\t\t\tdata-rsp_ch=\"on\"\n\t\t\t\t\t\t\t\tdata-xy=\"x:c,l,c,c;xo:-231px,61px,0,-6px;y:m,t,m,m;yo:-17px,332px,0,39px;\"\n\t\t\t\t\t\t\t\tdata-text=\"w:normal;s:20,18,15,15;l:29,24,21,21;fw:400,500,500,500;a:inherit,inherit,center,center;\"\n\t\t\t\t\t\t\t\tdata-dim=\"w:652px,727px,512px,434px;h:88px,auto,69px,auto;\"\n\t\t\t\t\t\t\t\tdata-frame_0=\"y:-50px;\"\n\t\t\t\t\t\t\t\tdata-frame_1=\"st:1380;sp:1040;sR:1380;\"\n\t\t\t\t\t\t\t\tdata-frame_999=\"o:0;st:15000;sR:12580;\"\n\t\t\t\t\t\t\t\tstyle=\"z-index:10;font-family:'Poppins';\"\n\t\t\t\t\t\t\t>Haluk Alacakl\u0131o\u011flu, PhD, de\u011fi\u015fik k\u00fclt\u00fcrlerde ya\u015fam deneyimi ge\u00e7irmi\u015f bir Aile \u015eirketleri Kurumsalla\u015fmas\u0131 \u00f6nc\u00fcs\u00fcd\u00fcr.<br \/> <br \/>\n1989'dan beri d\u00fcnya \u00e7ap\u0131nda y\u00fczlerce i\u015fletmeye aile \u015firketi ve y\u00f6netim kurulu konular\u0131nda yard\u0131mc\u0131 olmaktad\u0131r. \n\t\t\t\t\t\t\t<\/rs-layer><!--\n\n\t\t\t\t\t\t\t--><a\n\t\t\t\t\t\t\t\tid=\"slider-6-slide-18-layer-17\" \n\t\t\t\t\t\t\t\tclass=\"rs-layer rev-btn\"\n\t\t\t\t\t\t\t\thref=\"https:\/\/family-advisor.com\/tr\/hakkimda\/\" target=\"_self\"\n\t\t\t\t\t\t\t\tdata-type=\"button\"\n\t\t\t\t\t\t\t\tdata-color=\"rgba(255,255,255,1)\"\n\t\t\t\t\t\t\t\tdata-xy=\"x:c,l,c,c;xo:-481px,61px,5px,5px;y:m,t,m,m;yo:144px,413px,116px,148px;\"\n\t\t\t\t\t\t\t\tdata-text=\"s:17;l:17;fw:500;a:inherit;\"\n\t\t\t\t\t\t\t\tdata-rsp_bd=\"off\"\n\t\t\t\t\t\t\t\tdata-padding=\"t:12;r:35;b:12;l:35;\"\n\t\t\t\t\t\t\t\tdata-border=\"bos:solid;bow:1,1,1,1;bor:30px,30px,30px,30px;\"\n\t\t\t\t\t\t\t\tdata-frame_0=\"y:-50px;\"\n\t\t\t\t\t\t\t\tdata-frame_1=\"st:1620;sp:1100;sR:1620;\"\n\t\t\t\t\t\t\t\tdata-frame_999=\"o:0;st:15000;sR:12280;\"\n\t\t\t\t\t\t\t\tdata-frame_hover=\"bgc:#000;boc:#fff;bor:30px,30px,30px,30px;bos:solid;bow:1,1,1,1;oX:50;oY:50;sp:0;e:none;\"\n\t\t\t\t\t\t\t\tstyle=\"z-index:11;background-color:#c39c3c;font-family:'Poppins';cursor:pointer;outline:none;box-shadow:none;box-sizing:border-box;-moz-box-sizing:border-box;-webkit-box-sizing:border-box;\"\n\t\t\t\t\t\t\t>Daha Fazlas\u0131 \n\t\t\t\t\t\t\t<\/a><!--\n-->\t\t\t\t\t\t<\/rs-slide>\n\t\t\t\t\t\t<rs-slide style=\"position: absolute;\" data-key=\"rs-19\" data-title=\"Slide\" data-thumb=\"\/\/family-advisor.com\/wp-content\/uploads\/2022\/06\/haluk-alacaklioglu-slider-2-100x50.jpg\" data-duration=\"15000ms\" data-in=\"o:0;\" data-out=\"a:false;\">\n\t\t\t\t\t\t\t<img decoding=\"async\" src=\"\/\/family-advisor.com\/wp-content\/plugins\/revslider\/public\/assets\/assets\/dummy.png\" title=\"haluk-alacaklioglu-slider-2\" width=\"1240\" height=\"620\" class=\"rev-slidebg tp-rs-img rs-lazyload\" data-lazyload=\"\/\/family-advisor.com\/wp-content\/uploads\/2022\/06\/haluk-alacaklioglu-slider-2.jpg\" data-no-retina>\n<!--\n\t\t\t\t\t\t\t--><rs-layer\n\t\t\t\t\t\t\t\tid=\"slider-6-slide-19-layer-0\" \n\t\t\t\t\t\t\t\tdata-type=\"shape\"\n\t\t\t\t\t\t\t\tdata-rsp_ch=\"on\"\n\t\t\t\t\t\t\t\tdata-xy=\"xo:40px,33px,82px,-10px;yo:160px,132px,84px,79px;\"\n\t\t\t\t\t\t\t\tdata-text=\"w:normal;s:20,16,12,7;l:0,20,15,9;\"\n\t\t\t\t\t\t\t\tdata-dim=\"w:690px,569px,600px,494px;h:338,279,300px,300px;\"\n\t\t\t\t\t\t\t\tdata-frame_999=\"o:0;st:w;\"\n\t\t\t\t\t\t\t\tstyle=\"z-index:8;background-color:rgba(0,0,0,0.15);\"\n\t\t\t\t\t\t\t> \n\t\t\t\t\t\t\t<\/rs-layer><!--\n\n\t\t\t\t\t\t\t--><rs-layer\n\t\t\t\t\t\t\t\tid=\"slider-6-slide-19-layer-3\" \n\t\t\t\t\t\t\t\tdata-type=\"text\"\n\t\t\t\t\t\t\t\tdata-color=\"rgba(255, 255, 255, 1)\"\n\t\t\t\t\t\t\t\tdata-rsp_ch=\"on\"\n\t\t\t\t\t\t\t\tdata-xy=\"x:l,l,c,c;xo:64px,60px,0,-1px;y:m;yo:-92px,-70px,-105px,-72px;\"\n\t\t\t\t\t\t\t\tdata-text=\"s:55,55,45,35;l:65,65,50,38;fw:600,600,700,700;a:inherit,inherit,center,center;\"\n\t\t\t\t\t\t\t\tdata-dim=\"w:auto,auto,auto,448px;h:auto,auto,auto,78px;\"\n\t\t\t\t\t\t\t\tdata-frame_0=\"y:-50px;\"\n\t\t\t\t\t\t\t\tdata-frame_1=\"st:840;sp:1130;sR:840;\"\n\t\t\t\t\t\t\t\tdata-frame_999=\"o:0;st:w;sR:4099.84375;\"\n\t\t\t\t\t\t\t\tstyle=\"z-index:9;font-family:'Poppins';\"\n\t\t\t\t\t\t\t>Benim Misyonum \n\t\t\t\t\t\t\t<\/rs-layer><!--\n\n\t\t\t\t\t\t\t--><rs-layer\n\t\t\t\t\t\t\t\tid=\"slider-6-slide-19-layer-4\" \n\t\t\t\t\t\t\t\tdata-type=\"text\"\n\t\t\t\t\t\t\t\tdata-color=\"rgba(255, 255, 255, 1)\"\n\t\t\t\t\t\t\t\tdata-rsp_ch=\"on\"\n\t\t\t\t\t\t\t\tdata-xy=\"x:c,l,c,c;xo:-204px,61px,0,0;y:m,t,m,m;yo:30px,332px,0,-14px;\"\n\t\t\t\t\t\t\t\tdata-text=\"w:normal;s:20,18,15,15;l:29,24,21,21;fw:400,500,500,500;a:inherit,inherit,center,center;\"\n\t\t\t\t\t\t\t\tdata-dim=\"w:702px,727px,512px,434px;h:auto,auto,69px,auto;\"\n\t\t\t\t\t\t\t\tdata-frame_0=\"y:-50px;\"\n\t\t\t\t\t\t\t\tdata-frame_1=\"st:1290;sp:1040;sR:1290;\"\n\t\t\t\t\t\t\t\tdata-frame_999=\"o:0;st:w;sR:3739.84375;\"\n\t\t\t\t\t\t\t\tstyle=\"z-index:10;font-family:'Poppins';\"\n\t\t\t\t\t\t\t>Aile \u015firketlerimiz ekonominin temeli ve lokomotifidir. Onlar\u0131 kurumsalla\u015ft\u0131r\u0131p g\u00fc\u00e7lendirdik\u00e7e \u00fclkemizin refah\u0131 artacak, ekonomik geli\u015fme, istihdam ve ki\u015fisel geli\u015fme getirecektir. Ben misyon edindi\u011fim bu yolda \u015firket sahibi ailelere destek olmaktan b\u00fcy\u00fck haz duymaktay\u0131m. \n\t\t\t\t\t\t\t<\/rs-layer><!--\n\n\t\t\t\t\t\t\t--><a\n\t\t\t\t\t\t\t\tid=\"slider-6-slide-19-layer-17\" \n\t\t\t\t\t\t\t\tclass=\"rs-layer rev-btn\"\n\t\t\t\t\t\t\t\thref=\"https:\/\/family-advisor.com\/tr\/hakkimda\/\" target=\"_self\"\n\t\t\t\t\t\t\t\tdata-type=\"button\"\n\t\t\t\t\t\t\t\tdata-color=\"rgba(255,255,255,1)\"\n\t\t\t\t\t\t\t\tdata-xy=\"x:c,l,c,c;xo:-475px,61px,-11px,-11px;y:m,t,m,m;yo:142px,413px,111px,85px;\"\n\t\t\t\t\t\t\t\tdata-text=\"s:17;l:17;fw:500;a:inherit;\"\n\t\t\t\t\t\t\t\tdata-rsp_bd=\"off\"\n\t\t\t\t\t\t\t\tdata-padding=\"t:12;r:35;b:12;l:35;\"\n\t\t\t\t\t\t\t\tdata-border=\"bos:solid;bow:1,1,1,1;bor:30px,30px,30px,30px;\"\n\t\t\t\t\t\t\t\tdata-frame_0=\"y:-50px;\"\n\t\t\t\t\t\t\t\tdata-frame_1=\"st:1620;sp:1100;sR:1620;\"\n\t\t\t\t\t\t\t\tdata-frame_999=\"o:0;st:w;sR:3370;\"\n\t\t\t\t\t\t\t\tdata-frame_hover=\"bgc:#000;boc:#fff;bor:30px,30px,30px,30px;bos:solid;bow:1,1,1,1;oX:50;oY:50;sp:0;e:none;\"\n\t\t\t\t\t\t\t\tstyle=\"z-index:11;background-color:#c39c3c;font-family:'Poppins';cursor:pointer;outline:none;box-shadow:none;box-sizing:border-box;-moz-box-sizing:border-box;-webkit-box-sizing:border-box;\"\n\t\t\t\t\t\t\t>Daha Fazlas\u0131 \n\t\t\t\t\t\t\t<\/a><!--\n-->\t\t\t\t\t\t<\/rs-slide>\n\t\t\t\t\t<\/rs-slides>\n\t\t\t\t<\/rs-module>\n\t\t\t\t<script type=\"text\/javascript\">\n\t\t\t\t\tsetREVStartSize({c: 'rev_slider_6_1',rl:[1240,1024,778,480],el:[620,620,450,450],gw:[1240,1024,778,480],gh:[620,620,450,450],type:'standard',justify:'',layout:'fullwidth',mh:\"0\"});if (window.RS_MODULES!==undefined && window.RS_MODULES.modules!==undefined && window.RS_MODULES.modules[\"revslider61\"]!==undefined) {window.RS_MODULES.modules[\"revslider61\"].once = false;window.revapi6 = undefined;window.RS_MODULES.checkMinimal()}\n\t\t\t\t<\/script>\n\t\t\t<\/rs-module-wrap>\n\t\t\t<!-- END REVOLUTION SLIDER -->\n[\/vc_column][\/vc_row][vc_row full_width=&#8221;stretch_row&#8221; el_class=&#8221;service-page service-list&#8221;][vc_column][tt_vc_title_shortcode up_title=&#8221;Dr. Haluk Alacakl\u0131o\u011flu&#8221;]Hizmetler[\/tt_vc_title_shortcode][vc_column_text]Aile \u015firketlerinin hedeflerine ula\u015fmas\u0131nda onlara destek oluyorum.[\/vc_column_text][vc_row_inner content_placement=&#8221;middle&#8221;][vc_column_inner width=&#8221;1\/3&#8243;][vc_single_image image=&#8221;3065&#8243; img_size=&#8221;300&#215;254&#8243; alignment=&#8221;center&#8221; onclick=&#8221;custom_link&#8221; link=&#8221;https:\/\/family-advisor.com\/tr\/aile-sirketi-danismani\/&#8221;][\/vc_column_inner][vc_column_inner width=&#8221;1\/3&#8243;][vc_single_image image=&#8221;3355&#8243; img_size=&#8221;full&#8221; alignment=&#8221;center&#8221; onclick=&#8221;custom_link&#8221; link=&#8221;https:\/\/family-advisor.com\/tr\/boston-aile-isletmeleri-akademisi\/&#8221;][\/vc_column_inner][vc_column_inner width=&#8221;1\/3&#8243;][vc_single_image image=&#8221;3063&#8243; img_size=&#8221;300&#215;254&#8243; alignment=&#8221;center&#8221; onclick=&#8221;custom_link&#8221; link=&#8221;https:\/\/family-advisor.com\/tr\/yonetim-kurulu-danismani\/&#8221;][\/vc_column_inner][\/vc_row_inner][vc_empty_space height=&#8221;30px&#8221;][vc_row_inner content_placement=&#8221;middle&#8221;][vc_column_inner][vc_column_text]<\/p>\n<h2>Benim Misyonum:<\/h2>\n<p>Aile \u015firketlerimiz ekonominin temeli ve lokomotifidir. Onlar\u0131 kurumsalla\u015ft\u0131r\u0131p g\u00fc\u00e7lendirdik\u00e7e \u00fclkemizin refah\u0131 artacak, ekonomik geli\u015fme, istihdam ve ki\u015fisel geli\u015fme getirecektir. Ben misyon edindi\u011fim bu yolda \u015firket sahibi ailelere destek olmaktan b\u00fcy\u00fck haz duymaktay\u0131m.<\/p>\n<p><strong>Dr. Haluk ALACAKLIOGLU<\/strong><\/p>\n<p><img decoding=\"async\" class=\"size-full wp-image-3216 alignnone\" src=\"https:\/\/family-advisor.com\/wp-content\/uploads\/2022\/06\/haluk-alacaklioglu.png\" alt=\"\" width=\"240\" height=\"77\" \/>[\/vc_column_text][vc_separator][\/vc_column_inner][\/vc_row_inner][\/vc_column][\/vc_row][vc_row full_width=&#8221;stretch_row&#8221; el_class=&#8221;ceo-message-area&#8221;][vc_column width=&#8221;5\/12&#8243;][vc_single_image image=&#8221;3252&#8243; img_size=&#8221;full&#8221; css=&#8221;.vc_custom_1657917050709{margin-bottom: 0px !important;}&#8221;][\/vc_column][vc_column width=&#8221;7\/12&#8243; el_class=&#8221;ceo-message-content&#8221;][vc_column_text]<\/p>\n<h3>Hakk\u0131mda Dr. Haluk Alacakl\u0131o\u011flu<\/h3>\n<p>[\/vc_column_text][vc_column_text]<\/p>\n<p class=\"highlighted2\">Aile \u015eirketleri Dan\u0131\u015fman\u0131<\/p>\n<p>[\/vc_column_text][vc_column_text]<\/p>\n<p class=\"highlighted\">Haluk Alacakl\u0131o\u011flu, Bo\u011fazi\u00e7i \u00dcniversite\u2019sinden lisans, Harvard Business School&#8217; dan MBA derecesi ile mezun oldu ve daha sonra doktoras\u0131n\u0131 (Kurumsal Y\u00f6netim ve Aile \u015eirketleri konusuyla) AUL, Londra&#8217;da yapt\u0131. Kariyerine d\u00fcnya \u00e7ap\u0131nda \u00e7ok uluslu \u015firketlerde (P&amp;G ve Philip Morris International) ba\u015flad\u0131, ABD, Avrupa ve Orta Do\u011fu&#8217;da y\u00f6netici olarak \u00e7al\u0131\u015ft\u0131. D\u00fcnyada \u00fcst y\u00f6netici se\u00e7im ve de\u011ferlendirme konusunda lider dan\u0131\u015fmanl\u0131k kurumu (Egon Zehnder Int.) Y\u00f6netici Orta\u011f\u0131 olarak iki yeni ofis kurdu ve on y\u0131l\u0131 a\u015fk\u0131n bir s\u00fcredir t\u00fcm d\u00fcnyada y\u00fczlerce uluslararas\u0131 \u015firkete \u00fcst d\u00fczey y\u00f6neticilerin belirlenmesi ve de\u011ferlendirilmesi konusunda hizmet verdi.<\/p>\n<p>2000 y\u0131l\u0131nda, kendi dan\u0131\u015fmanl\u0131k kurumu Family Business Governance, LLP\u2019 yi (FBG) kurarak aile hissedarl\u0131 \u015firketlerle \u00e7al\u0131\u015fmalara ba\u015flad\u0131. Haluk bu birikimleriyle aile \u015firketlerinin \u00fcyeleri e\u011fitmek ve onlara kurumsalla\u015fman\u0131n en iyi uygulamalar\u0131n\u0131 aktarmak amac\u0131yla Boston Family Business Academy\u2122&#8217; yi (BFBA) kurdu. Ayr\u0131ca y\u00f6netim kurulu dan\u0131\u015fman\u0131 ve ba\u011f\u0131ms\u0131z y\u00f6netim kurulu \u00fcyesi olarak g\u00f6rev yapan ve \u015firketlere Kurullar\u0131n\u0131n etkinli\u011fini art\u0131rmalar\u0131nda yard\u0131mc\u0131 olan Board Advisor\u00ae&#8217;\u0131n sahibidir.[\/vc_column_text][tt_vc_button_shortcode inffoo3=&#8221;true&#8221; btn_link=&#8221;url:https%3A%2F%2Ffamily-advisor.com%2Ftr%2Fhakkimda%2F|title:Daha%20Fazlas%C4%B1&#8243;][\/vc_column][\/vc_row][vc_row full_width=&#8221;stretch_row_content_no_spaces&#8221; css=&#8221;.vc_custom_1655923733802{margin-top: 80px !important;}&#8221;][vc_column css=&#8221;.vc_custom_1532089334274{padding-top: 0px !important;}&#8221;][tt_vc_add_content_shortcode post_type=&#8221;tt_testimonial&#8221; tt_template=&#8221;testimonial2&#8243;][\/vc_column][\/vc_row][vc_row disable_element=&#8221;yes&#8221; el_class=&#8221;blog-area barea2 sec-pad&#8221;][vc_column width=&#8221;2\/3&#8243;][vc_column_text el_class=&#8221;title&#8221;]<\/p>\n<h3>Blog<\/h3>\n<p>[\/vc_column_text][tt_vc_add_content_shortcode posts_per_page=&#8221;2&#8243;][\/vc_column][vc_column width=&#8221;1\/3&#8243; el_class=&#8221;blog-post-list&#8221; css=&#8221;.vc_custom_1532941201835{padding-top: 0px !important;}&#8221;][tt_vc_add_content_shortcode posts_per_page=&#8221;3&#8243; tt_template=&#8221;posttitleonly&#8221;][\/vc_column][\/vc_row][vc_row full_width=&#8221;stretch_row_content_no_spaces&#8221; content_placement=&#8221;middle&#8221; disable_element=&#8221;yes&#8221; el_class=&#8221;request-a-qoute home-page-two&#8221;][vc_column width=&#8221;7\/12&#8243; el_class=&#8221;request-a-qoute-content&#8221; css=&#8221;.vc_custom_1532943005905{padding-top: 50px !important;padding-right: 0px !important;padding-bottom: 40px !important;padding-left: 0px !important;}&#8221;][vc_column_text]<\/p>\n<div class=\"title\">\n<h2>Request Call Back<\/h2>\n<\/div>\n<p>[\/vc_column_text]<p class=\"wpcf7-contact-form-not-found\"><strong>Hata:<\/strong> \u0130leti\u015fim formu bulunamad\u0131.<\/p>[\/vc_column][vc_column width=&#8221;5\/12&#8243; css=&#8221;.vc_custom_1516273915601{padding-top: 0px !important;padding-right: 0px !important;padding-bottom: 0px !important;padding-left: 0px !important;}&#8221;][vc_single_image image=&#8221;2660&#8243; img_size=&#8221;full&#8221; el_class=&#8221;dfull_img&#8221; css=&#8221;.vc_custom_1532942752041{margin-bottom: 0px !important;}&#8221;][\/vc_column][\/vc_row]<\/p>\n","protected":false},"excerpt":{"rendered":"<p>[vc_row][vc_column][\/vc_column][\/vc_row][vc_row full_width=&#8221;stretch_row&#8221; el_class=&#8221;service-page service-list&#8221;][vc_column][tt_vc_title_shortcode up_title=&#8221;Dr. Haluk Alacakl\u0131o\u011flu&#8221;]Hizmetler[\/tt_vc_title_shortcode][vc_column_text]Aile \u015firketlerinin hedeflerine ula\u015fmas\u0131nda onlara destek oluyorum.[\/vc_column_text][vc_row_inner content_placement=&#8221;middle&#8221;][vc_column_inner width=&#8221;1\/3&#8243;][vc_single_image image=&#8221;3065&#8243; img_size=&#8221;300&#215;254&#8243; alignment=&#8221;center&#8221; onclick=&#8221;custom_link&#8221; link=&#8221;https:\/\/family-advisor.com\/tr\/aile-sirketi-danismani\/&#8221;][\/vc_column_inner][vc_column_inner width=&#8221;1\/3&#8243;][vc_single_image image=&#8221;3355&#8243; img_size=&#8221;full&#8221; alignment=&#8221;center&#8221; onclick=&#8221;custom_link&#8221; link=&#8221;https:\/\/family-advisor.com\/tr\/boston-aile-isletmeleri-akademisi\/&#8221;][\/vc_column_inner][vc_column_inner width=&#8221;1\/3&#8243;][vc_single_image image=&#8221;3063&#8243; img_size=&#8221;300&#215;254&#8243; alignment=&#8221;center&#8221; onclick=&#8221;custom_link&#8221; link=&#8221;https:\/\/family-advisor.com\/tr\/yonetim-kurulu-danismani\/&#8221;][\/vc_column_inner][\/vc_row_inner][vc_empty_space height=&#8221;30px&#8221;][vc_row_inner content_placement=&#8221;middle&#8221;][vc_column_inner][vc_column_text] Benim Misyonum: Aile \u015firketlerimiz ekonominin temeli ve lokomotifidir. Onlar\u0131 kurumsalla\u015ft\u0131r\u0131p g\u00fc\u00e7lendirdik\u00e7e \u00fclkemizin refah\u0131 artacak, ekonomik geli\u015fme, istihdam ve ki\u015fisel geli\u015fme getirecektir. [&hellip;]<\/p>\n","protected":false},"author":1,"featured_media":0,"parent":0,"menu_order":0,"comment_status":"closed","ping_status":"closed","template":"","meta":{"_seopress_robots_primary_cat":"","_seopress_titles_title":"","_seopress_titles_desc":"","_seopress_robots_index":"","footnotes":""},"class_list":["post-3875","page","type-page","status-publish","hentry"],"_links":{"self":[{"href":"https:\/\/family-advisor.com\/tr\/wp-json\/wp\/v2\/pages\/3875","targetHints":{"allow":["GET"]}}],"collection":[{"href":"https:\/\/family-advisor.com\/tr\/wp-json\/wp\/v2\/pages"}],"about":[{"href":"https:\/\/family-advisor.com\/tr\/wp-json\/wp\/v2\/types\/page"}],"author":[{"embeddable":true,"href":"https:\/\/family-advisor.com\/tr\/wp-json\/wp\/v2\/users\/1"}],"replies":[{"embeddable":true,"href":"https:\/\/family-advisor.com\/tr\/wp-json\/wp\/v2\/comments?post=3875"}],"version-history":[{"count":10,"href":"https:\/\/family-advisor.com\/tr\/wp-json\/wp\/v2\/pages\/3875\/revisions"}],"predecessor-version":[{"id":4153,"href":"https:\/\/family-advisor.com\/tr\/wp-json\/wp\/v2\/pages\/3875\/revisions\/4153"}],"wp:attachment":[{"href":"https:\/\/family-advisor.com\/tr\/wp-json\/wp\/v2\/media?parent=3875"}],"curies":[{"name":"wp","href":"https:\/\/api.w.org\/{rel}","templated":true}]}}