{"id":3867,"date":"2022-11-19T14:13:20","date_gmt":"2022-11-19T14:13:20","guid":{"rendered":"https:\/\/family-advisor.com\/about-2\/"},"modified":"2023-03-19T10:12:14","modified_gmt":"2023-03-19T10:12:14","slug":"hakkimda","status":"publish","type":"page","link":"https:\/\/family-advisor.com\/tr\/hakkimda\/","title":{"rendered":"Hakk\u0131mda"},"content":{"rendered":"<p>[vc_row full_width=&#8221;stretch_row&#8221; el_class=&#8221;about-section about-page&#8221; css=&#8221;.vc_custom_1531366134122{padding-bottom: 40px !important;}&#8221;][vc_column][tt_vc_title_shortcode up_title=&#8221;family-advisor.com&#8221;]Hakk\u0131mda <strong>Dr. Haluk Alacaklioglu<\/strong>[\/tt_vc_title_shortcode][vc_column_text el_class=&#8221;contactabout&#8221;]<strong>E-posta:<\/strong> \u00a0<a href=\"mailto:haluk@family-advisor.com\">haluk@family-advisor.com<\/a><br \/>\n<strong>Telefon:<\/strong> <a href=\"tel:+905322316609\">+90-532-2316609<\/a>[\/vc_column_text][vc_column_text]<img fetchpriority=\"high\" decoding=\"async\" class=\"wp-image-3248 size-full alignleft\" src=\"https:\/\/family-advisor.com\/wp-content\/uploads\/2022\/06\/haluk-alacaklioglu-2.jpg\" alt=\"\" width=\"200\" height=\"300\" \/>Haluk Alacakl\u0131o\u011flu, Bo\u011fazi\u00e7i \u00dcniversite\u2019sinden lisans, Harvard Business School&#8217; dan MBA derecesi ile mezun oldu ve daha sonra doktoras\u0131n\u0131 (Kurumsal Y\u00f6netim ve Aile \u015eirketleri konusuyla) AUL, Londra&#8217;da yapt\u0131. Kariyerine d\u00fcnya \u00e7ap\u0131nda \u00e7ok uluslu \u015firketlerde (P&amp;G ve Philip Morris International) ba\u015flad\u0131, ABD, Avrupa ve Orta Do\u011fu&#8217;da y\u00f6netici olarak \u00e7al\u0131\u015ft\u0131. D\u00fcnyada \u00fcst y\u00f6netici se\u00e7im ve de\u011ferlendirme konusunda lider dan\u0131\u015fmanl\u0131k kurumu (Egon Zehnder Int.) Y\u00f6netici Orta\u011f\u0131 olarak iki yeni ofis kurdu ve on y\u0131l\u0131 a\u015fk\u0131n bir s\u00fcredir t\u00fcm d\u00fcnyada y\u00fczlerce uluslararas\u0131 \u015firkete \u00fcst d\u00fczey y\u00f6neticilerin belirlenmesi ve de\u011ferlendirilmesi konusunda hizmet verdi.<\/p>\n<p>2000 y\u0131l\u0131nda, kendi dan\u0131\u015fmanl\u0131k kurumu Family Business Governance, LLP\u2019 yi (FBG) kurarak aile hissedarl\u0131 \u015firketlerle \u00e7al\u0131\u015fmalara ba\u015flad\u0131. Haluk bu birikimleriyle aile \u015firketlerinin \u00fcyeleri e\u011fitmek ve onlara kurumsalla\u015fman\u0131n en iyi uygulamalar\u0131n\u0131 aktarmak amac\u0131yla Boston Family Business Academy\u2122&#8217; yi (BFBA) kurdu. Ayr\u0131ca y\u00f6netim kurulu dan\u0131\u015fman\u0131 ve ba\u011f\u0131ms\u0131z y\u00f6netim kurulu \u00fcyesi olarak g\u00f6rev yapan ve \u015firketlere Kurullar\u0131n\u0131n etkinli\u011fini art\u0131rmalar\u0131nda yard\u0131mc\u0131 olan Board Advisor\u00ae&#8217;\u0131n sahibidir.<\/p>\n<p>Haluk hem halka a\u00e7\u0131k \u015firketlerin hem de aile \u015firketlerinin y\u00f6netim kurullar\u0131na dan\u0131\u015fmanl\u0131k yaparak uzmanla\u015ft\u0131. Be\u015f k\u0131tada farkl\u0131 ge\u00e7mi\u015flere, k\u00fclt\u00fcrlere, dini inan\u00e7lara sahip y\u00fczlerce i\u015f ailesiyle \u00e7al\u0131\u015fma f\u0131rsat\u0131 buldu. Uzmanl\u0131klar\u0131 aras\u0131nda <strong>aile \u015firketleri anayasa ve protokolleri ve hissedarlar anla\u015fmalar\u0131 ; devir planlamas\u0131, gen\u00e7 nesilleri haz\u0131rlama, kurumsalla\u015fmada uygulamalar ve etkin y\u00f6netim kurullar\u0131 olu\u015fturup y\u00f6nlendirme gibi aile \u015firketlerinin s\u00fcrd\u00fcr\u00fclebilirli\u011fi i\u00e7in kilit uygulamalar ve strateji konular\u0131 bulunmakta<\/strong>.<\/p>\n<p>Misyonu, kendi s\u00f6zleriyle:<\/p>\n<p>Benim sars\u0131lmaz inanc\u0131m;\u201cAile \u015firketlerimiz ekonominin temel dire\u011fi ve lokomotifidir. Onlar\u0131 kurumsalla\u015ft\u0131r\u0131p g\u00fc\u00e7lendirdik\u00e7e \u00fclkemizin refah\u0131 artacak, ekonomik geli\u015fme, dengeli gelir da\u011f\u0131l\u0131m\u0131, bireysel mutluluk ve istihdam getirecektir. Ben kariyerimi bu yola adamaktan ve \u015firket sahibi ailelere destek olmaktan b\u00fcy\u00fck haz duymaktay\u0131m.\u201d<\/p>\n<p>Profesyonel \u00e7al\u0131\u015fmalar\u0131n\u0131n yan\u0131 s\u0131ra, \u201c\u015feffaf ve ba\u015far\u0131l\u0131 kurumsal y\u00f6netimin\u201d te\u015fvik edilmesi i\u00e7in bir\u00e7ok giri\u015fime liderlik etmektedir. 2002 y\u0131l\u0131nda T\u00fcrkiye&#8217;nin ilk ve halen tek ba\u011f\u0131ms\u0131z Kurumsal Y\u00f6netim Derne\u011fi&#8217;nin (TKYD) kurulmas\u0131na \u00f6nc\u00fcl\u00fck etti ve derne\u011fin Kurucu Ba\u015fkan\u0131 se\u00e7ildi. 2018 y\u0131l\u0131nda yine Kurucu Ba\u015fkan olarak Y\u00f6netim Kurulu \u00dcyeleri Derne\u011fi&#8217;nin (Y\u00dcD) kurulmas\u0131na \u00f6nc\u00fcl\u00fck etti. Family Business Network (FBN) in b\u00f6lgesel aya\u011f\u0131 T\u00fcrkiye Aile \u0130\u015fletmeleri Derne\u011fi (TA\u0130DER) in kurulmas\u0131na \u00f6nc\u00fcl\u00fck etti. Bas\u0131n ve medya taraf\u0131ndan \u201c<strong>Aile \u015eirketlerinin Anayasa Profes\u00f6r\u00fc<\/strong>\u201d olarak nitelendirildi.<\/p>\n<p>Haluk, aile ve \u015firketlerle bire bir profesyonel \u00e7al\u0131\u015fmalar\u0131n\u0131n \u00f6tesinde Harvard Business School Case Study System taraf\u0131ndan \u201cE\u011fitim uzman\u0131\u201d olarak tan\u0131mland\u0131. seminerler ve \u00e7al\u0131\u015ftaylar, vaka \u00e7al\u0131\u015fmalar\u0131 vermektedir. Bu ba\u011flamda pek \u00e7ok sanayi ve ticaret odas\u0131, \u00f6nde gelen uluslararas\u0131 \u00f6zel ve yat\u0131r\u0131m bankalar\u0131, Avrupa Bankas\u0131, CIPE gibi k\u00fcresel kurulu\u015flar, Family Business Network, TAIDER, Family Firm Institute, USA, ve Campden gibi kurumlara Kuzey Amerika, Avrupa, Orta Do\u011fu, Hindistan, G\u00fcney Afrika dahil bir \u00e7ok yerde seminer ve \u00e7al\u0131\u015ftaylar sunmakta.[\/vc_column_text][vc_empty_space height=&#8221;30px&#8221;][\/vc_column][\/vc_row][vc_row full_width=&#8221;stretch_row&#8221; el_class=&#8221;mission-history-area&#8221; css=&#8221;.vc_custom_1531366187529{padding-bottom: 40px !important;}&#8221;][vc_column el_class=&#8221;sec-title&#8221;][vc_images_carousel images=&#8221;3368,3370,3372,3374&#8243; img_size=&#8221;full&#8221; onclick=&#8221;link_no&#8221; slides_per_view=&#8221;4&#8243; hide_pagination_control=&#8221;yes&#8221; hide_prev_next_buttons=&#8221;yes&#8221;][\/vc_column][\/vc_row]<\/p>\n","protected":false},"excerpt":{"rendered":"<p>[vc_row full_width=&#8221;stretch_row&#8221; el_class=&#8221;about-section about-page&#8221; css=&#8221;.vc_custom_1531366134122{padding-bottom: 40px !important;}&#8221;][vc_column][tt_vc_title_shortcode up_title=&#8221;family-advisor.com&#8221;]Hakk\u0131mda Dr. Haluk Alacaklioglu[\/tt_vc_title_shortcode][vc_column_text el_class=&#8221;contactabout&#8221;]E-posta: \u00a0haluk@family-advisor.com Telefon: +90-532-2316609[\/vc_column_text][vc_column_text]Haluk Alacakl\u0131o\u011flu, Bo\u011fazi\u00e7i \u00dcniversite\u2019sinden lisans, Harvard Business School&#8217; dan MBA derecesi ile mezun oldu ve daha sonra doktoras\u0131n\u0131 (Kurumsal Y\u00f6netim ve Aile \u015eirketleri konusuyla) AUL, Londra&#8217;da yapt\u0131. Kariyerine d\u00fcnya \u00e7ap\u0131nda \u00e7ok uluslu \u015firketlerde (P&amp;G ve Philip Morris International) ba\u015flad\u0131, ABD, Avrupa [&hellip;]<\/p>\n","protected":false},"author":1,"featured_media":0,"parent":0,"menu_order":0,"comment_status":"closed","ping_status":"closed","template":"","meta":{"_seopress_robots_primary_cat":"","_seopress_titles_title":"","_seopress_titles_desc":"","_seopress_robots_index":"","footnotes":""},"class_list":["post-3867","page","type-page","status-publish","hentry"],"_links":{"self":[{"href":"https:\/\/family-advisor.com\/tr\/wp-json\/wp\/v2\/pages\/3867","targetHints":{"allow":["GET"]}}],"collection":[{"href":"https:\/\/family-advisor.com\/tr\/wp-json\/wp\/v2\/pages"}],"about":[{"href":"https:\/\/family-advisor.com\/tr\/wp-json\/wp\/v2\/types\/page"}],"author":[{"embeddable":true,"href":"https:\/\/family-advisor.com\/tr\/wp-json\/wp\/v2\/users\/1"}],"replies":[{"embeddable":true,"href":"https:\/\/family-advisor.com\/tr\/wp-json\/wp\/v2\/comments?post=3867"}],"version-history":[{"count":8,"href":"https:\/\/family-advisor.com\/tr\/wp-json\/wp\/v2\/pages\/3867\/revisions"}],"predecessor-version":[{"id":4172,"href":"https:\/\/family-advisor.com\/tr\/wp-json\/wp\/v2\/pages\/3867\/revisions\/4172"}],"wp:attachment":[{"href":"https:\/\/family-advisor.com\/tr\/wp-json\/wp\/v2\/media?parent=3867"}],"curies":[{"name":"wp","href":"https:\/\/api.w.org\/{rel}","templated":true}]}}